{"id":1958,"date":"2021-05-08T07:23:57","date_gmt":"2021-05-08T07:23:57","guid":{"rendered":"https:\/\/adventuibcell.com\/?page_id=1958"},"modified":"2022-11-01T08:28:46","modified_gmt":"2022-11-01T08:28:46","slug":"claim-forms","status":"publish","type":"page","link":"https:\/\/adventuibcell.com\/de\/claim-forms\/","title":{"rendered":"Claim Forms"},"content":{"rendered":"\t\t<div data-elementor-type=\"wp-page\" data-elementor-id=\"1958\" class=\"elementor elementor-1958\" data-elementor-post-type=\"page\">\n\t\t\t\t\t\t<section class=\"elementor-section elementor-top-section elementor-element elementor-element-70e9696 slope elementor-section-boxed elementor-section-height-default elementor-section-height-default\" data-id=\"70e9696\" data-element_type=\"section\" data-e-type=\"section\" id=\"slope\" data-settings=\"{&quot;background_background&quot;:&quot;classic&quot;}\">\n\t\t\t\t\t\t<div class=\"elementor-container elementor-column-gap-default\">\n\t\t\t\t\t<div class=\"elementor-column elementor-col-100 elementor-top-column elementor-element elementor-element-35be865\" data-id=\"35be865\" data-element_type=\"column\" data-e-type=\"column\">\n\t\t\t<div class=\"elementor-widget-wrap elementor-element-populated\">\n\t\t\t\t\t\t<div class=\"elementor-element elementor-element-9b447dd elementor-widget elementor-widget-heading\" data-id=\"9b447dd\" data-element_type=\"widget\" data-e-type=\"widget\" data-widget_type=\"heading.default\">\n\t\t\t\t<div class=\"elementor-widget-container\">\n\t\t\t\t\t<h2 class=\"elementor-heading-title elementor-size-default\">Antragsformular<\/h2>\t\t\t\t<\/div>\n\t\t\t\t<\/div>\n\t\t\t\t\t<\/div>\n\t\t<\/div>\n\t\t\t\t\t<\/div>\n\t\t<\/section>\n\t\t\t\t<section class=\"elementor-section elementor-top-section elementor-element elementor-element-9a5c55a elementor-section-boxed elementor-section-height-default elementor-section-height-default\" data-id=\"9a5c55a\" data-element_type=\"section\" data-e-type=\"section\">\n\t\t\t\t\t\t<div class=\"elementor-container elementor-column-gap-default\">\n\t\t\t\t\t<div class=\"elementor-column elementor-col-100 elementor-top-column elementor-element elementor-element-fd083ac\" data-id=\"fd083ac\" data-element_type=\"column\" data-e-type=\"column\">\n\t\t\t<div class=\"elementor-widget-wrap elementor-element-populated\">\n\t\t\t\t\t\t<div class=\"elementor-element elementor-element-ddcce14 elementor-widget elementor-widget-text-editor\" data-id=\"ddcce14\" data-element_type=\"widget\" data-e-type=\"widget\" data-widget_type=\"text-editor.default\">\n\t\t\t\t<div class=\"elementor-widget-container\">\n\t\t\t\t\t\t\t\t\t<p>Advent Insurance PCC Ltd &#8211; UIB Cell\u00a0\/ <a href=\"\/de\/customer-zone\"><br \/>Antragsformular<br \/><\/a><span style=\"color: #001e32;\"><br \/><\/span><\/p>\t\t\t\t\t\t\t\t<\/div>\n\t\t\t\t<\/div>\n\t\t\t\t\t<\/div>\n\t\t<\/div>\n\t\t\t\t\t<\/div>\n\t\t<\/section>\n\t\t\t\t<section class=\"elementor-section elementor-top-section elementor-element elementor-element-3c48711 elementor-section-boxed elementor-section-height-default elementor-section-height-default\" data-id=\"3c48711\" data-element_type=\"section\" data-e-type=\"section\">\n\t\t\t\t\t\t<div class=\"elementor-container elementor-column-gap-default\">\n\t\t\t\t\t<div class=\"elementor-column elementor-col-50 elementor-top-column elementor-element elementor-element-93ca5e3\" data-id=\"93ca5e3\" data-element_type=\"column\" data-e-type=\"column\" data-settings=\"{&quot;background_background&quot;:&quot;classic&quot;}\">\n\t\t\t<div class=\"elementor-widget-wrap elementor-element-populated\">\n\t\t\t\t\t\t<div class=\"elementor-element elementor-element-82cd395 elementor-align-left elementor-widget elementor-widget-button\" data-id=\"82cd395\" data-element_type=\"widget\" data-e-type=\"widget\" data-widget_type=\"button.default\">\n\t\t\t\t<div class=\"elementor-widget-container\">\n\t\t\t\t\t\t\t\t\t<div class=\"elementor-button-wrapper\">\n\t\t\t\t\t<a class=\"elementor-button elementor-button-link elementor-size-sm\" href=\"\/de\/customer-zone\/\">\n\t\t\t\t\t\t<span class=\"elementor-button-content-wrapper\">\n\t\t\t\t\t\t<span class=\"elementor-button-icon\">\n\t\t\t\t<i aria-hidden=\"true\" class=\"fas fa-angle-left\"><\/i>\t\t\t<\/span>\n\t\t\t\t\t\t\t\t\t<span class=\"elementor-button-text\"> Antragsformular<\/span>\n\t\t\t\t\t<\/span>\n\t\t\t\t\t<\/a>\n\t\t\t\t<\/div>\n\t\t\t\t\t\t\t\t<\/div>\n\t\t\t\t<\/div>\n\t\t\t\t\t<\/div>\n\t\t<\/div>\n\t\t\t\t<div class=\"elementor-column elementor-col-50 elementor-top-column elementor-element elementor-element-10c2261\" data-id=\"10c2261\" data-element_type=\"column\" data-e-type=\"column\">\n\t\t\t<div class=\"elementor-widget-wrap elementor-element-populated\">\n\t\t\t\t\t\t<div class=\"elementor-element elementor-element-784c205 elementor-widget elementor-widget-text-editor\" data-id=\"784c205\" data-element_type=\"widget\" data-e-type=\"widget\" data-widget_type=\"text-editor.default\">\n\t\t\t\t<div class=\"elementor-widget-container\">\n\t\t\t\t\t\t\t\t\tWenn Sie eine Kopie des Antragsformulars herunterladen m\u00f6chten, suchen Sie bitte dieses \u00fcber das unten stehende Feld.\u00a0<b>Geben Sie den Produktcode Ihrer Versicherungsnummer ein. Es handelt sich dabei um die 3 Zeichen in der Mitte. Dies finden Sie in Ihrer j\u00e4hrlichen Mitteilung, z.B.: GR1, GD5, 3GR, GM1<\/b>\t\t\t\t\t\t\t\t<\/div>\n\t\t\t\t<\/div>\n\t\t\t\t<div class=\"elementor-element elementor-element-34d6723 elementor-widget elementor-widget-text-editor\" data-id=\"34d6723\" data-element_type=\"widget\" data-e-type=\"widget\" data-widget_type=\"text-editor.default\">\n\t\t\t\t<div class=\"elementor-widget-container\">\n\t\t\t\t\t\t\t\t\t<p>Alternativ k\u00f6nnen Sie hier eine Kopie des Antragsformulars herunterladen und allen erforderlichen Dokumenten nach Deutschland an die Email adresse kundenservice@adventuibcell.com schicken.<\/p>\t\t\t\t\t\t\t\t<\/div>\n\t\t\t\t<\/div>\n\t\t\t\t<div class=\"elementor-element elementor-element-6d71133 elementor-widget elementor-widget-text-editor\" data-id=\"6d71133\" data-element_type=\"widget\" data-e-type=\"widget\" data-widget_type=\"text-editor.default\">\n\t\t\t\t<div class=\"elementor-widget-container\">\n\t\t\t\t\t\t\t\t\t<p>Das Antragsformular sollte vollst\u00e4ndig ausgef\u00fcllt, unterschrieben an uns zur\u00fcckgesandt werden. Informationen zu unserer Adresse und Kontaktnummer finden sie <a href=\"https:\/\/adventuibcell.com\/de\/contact-us\/\">hier<\/a>. Bitte rufen Sie uns an, wenn Sie Hilfe ben\u00f6tigen oder Fragen haben. Hier finden Sie auch unsere Telefonnummer, um uns zu kontaktieren, falls Sie Hilfe beim Ausf\u00fcllen des Formulars ben\u00f6tigen.<\/p>\t\t\t\t\t\t\t\t<\/div>\n\t\t\t\t<\/div>\n\t\t\t\t<div class=\"elementor-element elementor-element-b0dd195 elementor-widget elementor-widget-shortcode\" data-id=\"b0dd195\" data-element_type=\"widget\" data-e-type=\"widget\" data-widget_type=\"shortcode.default\">\n\t\t\t\t<div class=\"elementor-widget-container\">\n\t\t\t\t\t\t<section class=\"claimssearchsection\">\n<div class=\"container\">\n        <div class=\"row\">\n        <form action=\"https:\/\/adventuibcell.com\/de\/claim-forms\" method=\"post\">\n        <input name=\"example\" type=\"text\" name=\"search\" placeholder=\"Please Enter product code\" \/>\n         <input name=\"submit\" type=\"submit\" value=\"Submit\" \/>\n        <\/form>\n        <\/div>\n        \t\t        <p>5 results match your search<\/p> \n                \t\t        \n                 <div class=\"p11\">\n                    <h2><a href=\"https:\/\/adventuibcell.com\/de\/claimformsgerman\/krankenhaustagegeld-versicherung\/\">Krankenhaustagegeld-Versicherung<\/a><\/h2>\n                    <p>Juli 22, 2021 <\/p>\n                    <p><p>Diese Krankenhaustagegeld-Versicherung zahlt: Krankentagegeld f\u00fcr jeden Tag eines Krankenhausaufenthalts in Deutschland aufgrund einer Erkrankung ; Krankentagegeld f\u00fcr jeden Tag, an dem sich ein versicherter Erwachsener oder ein versichertes Kind aufgrund einer Erkrankung auf der Intensivstation eines Krankenhauses in Deutschland befindet ; Krankentagegeld f\u00fcr jeden Tag, an dem sich ein versicherter Erwachsener oder ein versichertes Kind aufgrund eines Verkehrsunfalls auf der Intensivstation eines Krankenhauses in Deutschland befindet (GM1, GM2)<\/p>\n<div class=\"p21\"><a class=\"claims\" role=\"button\" href=\"https:\/\/adventuibcell.com\/wp-content\/uploads\/2022\/10\/DE-Hospitalisation-Claim-Form.pdf\"><span class=\"elementor-button-content-wrapper\"><span class=\"elementor-button-text\"><span style=\"color: #0069b4;\">Herunterladen Unfall und Krankheit Antragsformular<\/span><br \/>\n| PDF | 61 KB | November 01, 2022<\/span><\/span><\/a><\/div>\n<\/p>\n                 <\/div>\n                \t\t        \n                 <div class=\"p11\">\n                    <h2><a href=\"https:\/\/adventuibcell.com\/de\/claimformsgerman\/private-unfallversicherung\/\">Private Unfallversicherung<\/a><\/h2>\n                    <p>September 27, 2020 <\/p>\n                    <p><p>Diese private Unfallversicherung bietet folgende drei Arten von Leistungen: ein Krankenhaustagegeld im Falle eines Krankenhausaufenthalts in Deutschland als Folge eines Unfalls in Deutschland oder im Ausland ; erweiterte Tagesleistungen f\u00fcr einen Krankenhausaufenthalt im Ausland als direkte Folge eines Unfalls im Ausland ;eine einmalige Barzahlung im Falle eines verletzten Erwachsenen oder eines verletzten Kindes, der bzw. das als Folge eines Unfalls unter Invalidit\u00e4t leidet (GA1)<\/p>\n<div class=\"p21\"><a class=\"claims\" role=\"button\" href=\"https:\/\/adventuibcell.com\/wp-content\/uploads\/2022\/10\/DE-Hospitalisation-Claim-Form.pdf\"><span class=\"elementor-button-content-wrapper\"><span class=\"elementor-button-text\"><span style=\"color: #0069b4;\">Herunterladen Krankenhaustagegeld-Leistungsantrag Antragsformular<\/span><br \/>\n| PDF | 61 KB | <a class=\"claims\" role=\"button\" href=\"https:\/\/adventuibcell.com\/wp-content\/uploads\/2022\/10\/DE-Hospitalisation-Claim-Form.pdf\">November 01, 2022<\/a><\/span><\/span><\/a> <a class=\"claims\" role=\"button\" href=\"https:\/\/adventuibcell.com\/wp-content\/uploads\/2022\/10\/DE-Loss-Of-Use-And-Permanent-Total-Disability.pdf\"><span class=\"elementor-button-content-wrapper\"><span class=\"elementor-button-text\"><span style=\"color: #0069b4;\">Herunterladen Behinderung Antragsformular<\/span><br \/>\n| PDF | 79 KB | <a class=\"claims\" role=\"button\" href=\"https:\/\/adventuibcell.com\/wp-content\/uploads\/2022\/10\/DE-Hospitalisation-Claim-Form.pdf\">November 01, 2022<\/a><\/span><\/span><\/a><\/div>\n<\/p>\n                 <\/div>\n                \t\t        \n                 <div class=\"p11\">\n                    <h2><a href=\"https:\/\/adventuibcell.com\/de\/claimformsgerman\/unfall-zahlungsplan\/\">Unfall-Zahlungsplan<\/a><\/h2>\n                    <p>September 27, 2020 <\/p>\n                    <p><p>Dieser Unfall-Zahlungsplan bezahlt Leistungen f\u00fcr jeden Tag eines Krankenhausaufenthalts in Deutschland, der direkt auf einen Unfall in Deutschland oder im versicherten Ausland zur\u00fcckzuf\u00fchren ist. F\u00fcr jeden Tag eines Krankenhausaufenthalts im versicherten Ausland, der direkt auf einen Unfall im versicherten Ausland zur\u00fcckzuf\u00fchen ist, werden h\u00f6here Leistungen bezahlt. (GR1, GR4, 3GR, 5GR, GR6, GR8)<\/p>\n<div class=\"p21\"><a class=\"claims\" role=\"button\" href=\"https:\/\/adventuibcell.com\/wp-content\/uploads\/2022\/10\/DE-Hospitalisation-Claim-Form.pdf\"><span class=\"elementor-button-content-wrapper\"><span class=\"elementor-button-text\"><span style=\"color: #0069b4;\">Herunterladen Unfall-Zahlungsplan Antragsformular<\/span><br \/>\n| PDF | 61 KB | <a class=\"claims\" role=\"button\" href=\"https:\/\/adventuibcell.com\/wp-content\/uploads\/2022\/10\/DE-Hospitalisation-Claim-Form.pdf\">November 01, 2022<\/a><\/span><\/span><\/a><\/div>\n<\/p>\n                 <\/div>\n                \t\t        \n                 <div class=\"p11\">\n                    <h2><a href=\"https:\/\/adventuibcell.com\/de\/claimformsgerman\/unfall-zahlungsplan-plus\/\">Unfall-Zahlungsplan Plus<\/a><\/h2>\n                    <p>September 27, 2020 <\/p>\n                    <p><p>Dieser Unfall-Zahlungsplan Plus zahlt folgende Leistungen aus: jeden Tag eines Krankenhausaufenthalts in Deutschland, der direkt auf einen Unfall in Deutschland oder im versicherten Ausland zur\u00fcckzuf\u00fchren ist ;jeden Tag eines Krankenhausaufenthalts im versicherten Ausland, der direkt auf einen Unfall im versicherten Ausland zur\u00fcckzuf\u00fchren ist, werden h\u00f6here Leistungen bezahlt ;Erwerbesunf\u00e4higkeitsleistungen f\u00fcr jeden aufeinanderfolgenden Monat im Anschluss an die Wartefrist, in dem Sie wegen einer Krankheit oder einer K\u00f6rperverletzung, die eine unmittelbare Folge eines Unfalls ist, Erwerbsunf\u00e4hig sind, und ;Leistungen bei Arbeitslosigkeit f\u00fcr jeden aufeinanderfolgenden Monat im Anschluss an die Wartefrist, in dem Sie nicht mehr einer Vollzeiterwerbst\u00e4tigkeit nachgehen oder selbstst\u00e4ndig sind und arbeitslos gemeldet sind. (GS1)<\/p>\n<div class=\"p21\"><a class=\"claims\" role=\"button\" href=\"https:\/\/adventuibcell.com\/wp-content\/uploads\/2022\/10\/DE-Hospitalisation-Claim-Form.pdf\"><span class=\"elementor-button-content-wrapper\"><span class=\"elementor-button-text\"><span style=\"color: #0069b4;\">Herunterladen Unfall-Zahlungsplan Plus Antragsformular<\/span><br \/>\n| PDF | 61 KB | <a class=\"claims\" role=\"button\" href=\"https:\/\/adventuibcell.com\/wp-content\/uploads\/2022\/10\/DE-Hospitalisation-Claim-Form.pdf\">November 01, 2022<\/a><\/span><\/span><\/a> <a class=\"claims\" role=\"button\" href=\"https:\/\/adventuibcell.com\/wp-content\/uploads\/2022\/10\/DE-Hospitalisation-Claim-Form.pdf\"><span class=\"elementor-button-content-wrapper\"><span class=\"elementor-button-text\"><span style=\"color: #0069b4;\">Herunterladen Meldeformular Arbeitslosigkeit Antragsformular<\/span><br \/>\n| PDF | 75 KB | <a class=\"claims\" role=\"button\" href=\"https:\/\/adventuibcell.com\/wp-content\/uploads\/2022\/10\/DE-Hospitalisation-Claim-Form.pdf\">November 01, 2022<\/a><\/span><\/span><\/a><\/div>\n<\/p>\n                 <\/div>\n                \t\t        \n                 <div class=\"p11\">\n                    <h2><a href=\"https:\/\/adventuibcell.com\/de\/claimformsgerman\/unfalltod-versicherung\/\">Unfalltod-Versicherung<\/a><\/h2>\n                    <p>September 27, 2020 <\/p>\n                    <p><p>Diese Unfalltod-Police bietet zwei verschiedene Arten von Leistungen: eine eimalige Barzahlung im Falle des Unfalltodes eines versicherten Erwachsenen, wobei der Betrag von der Art des Unfalls abh\u00e4ngig ist; und eine einmalige Barzahlung im Falle des Unfalltodes eines versicherten Kindes. (GD1, GD5)<\/p>\n<div class=\"p21\"><a href=\"https:\/\/adventuibcell.com\/wp-content\/uploads\/2022\/10\/DE-Accidental-Death-Claim-Form.pdf\"><span class=\"elementor-button-content-wrapper\"><span class=\"elementor-button-text\"><span style=\"color: #0069b4;\">Herunterladen Unfalltod-Versicherung Antragsformular<br \/>\n<\/span><\/span><\/span><span class=\"elementor-button-content-wrapper\"><span class=\"elementor-button-text\"><span style=\"color: #0069b4;\">| PDF | 67 KB | <a class=\"claims\" role=\"button\" href=\"https:\/\/adventuibcell.com\/wp-content\/uploads\/2022\/10\/DE-Hospitalisation-Claim-Form.pdf\">November 01, 2022<\/a><\/span><\/span><\/span><\/a><\/div>\n<\/p>\n                 <\/div>\n                \t<\/div>\n\t\t<\/section>\n\t\t<div class=\"elementor-shortcode\"><\/div>\n\t\t\t\t\t\t<\/div>\n\t\t\t\t<\/div>\n\t\t\t\t<div class=\"elementor-element elementor-element-08f0316 elementor-widget elementor-widget-text-editor\" data-id=\"08f0316\" data-element_type=\"widget\" data-e-type=\"widget\" data-widget_type=\"text-editor.default\">\n\t\t\t\t<div class=\"elementor-widget-container\">\n\t\t\t\t\t\t\t\t\t<b>Zur Unterst\u00fctzung Ihres Anspruchs ben\u00f6tigen wir auch Dokumente, mit denen Ihr Unfall-\/ Krankenhausaufenthalt \u00fcberpr\u00fcft werden kann, z. B. medizinischer Bericht oder Unfallbericht.<\/b>\t\t\t\t\t\t\t\t<\/div>\n\t\t\t\t<\/div>\n\t\t\t\t<div class=\"elementor-element elementor-element-9b90472 elementor-widget elementor-widget-text-editor\" data-id=\"9b90472\" data-element_type=\"widget\" data-e-type=\"widget\" data-widget_type=\"text-editor.default\">\n\t\t\t\t<div class=\"elementor-widget-container\">\n\t\t\t\t\t\t\t\t\tWenn wir weitere Informationen anfordern m\u00fcssen, um Ihren Anspruch beurteilen zu k\u00f6nnen, werden wir Sie immer informieren. Sobald wir alle Informationen erhalten haben, die zur Beurteilung Ihres Anspruchs erforderlich sind, werden wir Ihnen schreiben und Sie innerhalb von 7 Arbeitstagen \u00fcber unsere Entscheidung informieren.\t\t\t\t\t\t\t\t<\/div>\n\t\t\t\t<\/div>\n\t\t\t\t\t<\/div>\n\t\t<\/div>\n\t\t\t\t\t<\/div>\n\t\t<\/section>\n\t\t\t\t<section class=\"elementor-section elementor-top-section elementor-element elementor-element-42f23fc elementor-section-boxed elementor-section-height-default elementor-section-height-default\" data-id=\"42f23fc\" data-element_type=\"section\" data-e-type=\"section\">\n\t\t\t\t\t\t<div class=\"elementor-container elementor-column-gap-default\">\n\t\t\t\t\t<div class=\"elementor-column elementor-col-100 elementor-top-column elementor-element elementor-element-59adecf\" data-id=\"59adecf\" data-element_type=\"column\" data-e-type=\"column\">\n\t\t\t<div class=\"elementor-widget-wrap elementor-element-populated\">\n\t\t\t\t\t\t<div class=\"elementor-element elementor-element-006c385 elementor-widget elementor-widget-heading\" data-id=\"006c385\" data-element_type=\"widget\" data-e-type=\"widget\" data-widget_type=\"heading.default\">\n\t\t\t\t<div class=\"elementor-widget-container\">\n\t\t\t\t\t<h2 class=\"elementor-heading-title elementor-size-default\">Filtern Sie diese Liste<\/h2>\t\t\t\t<\/div>\n\t\t\t\t<\/div>\n\t\t\t\t\t<\/div>\n\t\t<\/div>\n\t\t\t\t\t<\/div>\n\t\t<\/section>\n\t\t\t\t<\/div>\n\t\t","protected":false},"excerpt":{"rendered":"<p>Antragsformular Advent Insurance PCC Ltd &#8211; UIB Cell\u00a0\/ Antragsformular Antragsformular Wenn Sie eine Kopie des Antragsformulars herunterladen m\u00f6chten, suchen Sie bitte dieses \u00fcber das unten stehende Feld.\u00a0Geben Sie den Produktcode Ihrer Versicherungsnummer ein. Es handelt sich dabei um die 3 Zeichen in der Mitte. Dies finden Sie in Ihrer j\u00e4hrlichen Mitteilung, z.B.: GR1, GD5, 3GR, [&hellip;]<\/p>\n","protected":false},"author":1,"featured_media":0,"parent":0,"menu_order":0,"comment_status":"closed","ping_status":"open","template":"","meta":{"_monsterinsights_skip_tracking":false,"_monsterinsights_sitenote_active":false,"_monsterinsights_sitenote_note":"","_monsterinsights_sitenote_category":0,"footnotes":""},"class_list":["post-1958","page","type-page","status-publish","hentry"],"yoast_head":"<!-- This site is optimized with the Yoast SEO plugin v27.3 - https:\/\/yoast.com\/product\/yoast-seo-wordpress\/ -->\n<title>Claim Forms -<\/title>\n<meta name=\"robots\" content=\"index, follow, max-snippet:-1, max-image-preview:large, max-video-preview:-1\" \/>\n<link rel=\"canonical\" href=\"https:\/\/adventuibcell.com\/de\/claim-forms\/\" \/>\n<meta property=\"og:locale\" content=\"de_DE\" \/>\n<meta property=\"og:type\" content=\"article\" \/>\n<meta property=\"og:title\" content=\"Claim Forms -\" \/>\n<meta property=\"og:description\" content=\"Antragsformular Advent Insurance PCC Ltd &#8211; UIB Cell\u00a0\/ Antragsformular Antragsformular Wenn Sie eine Kopie des Antragsformulars herunterladen m\u00f6chten, suchen Sie bitte dieses \u00fcber das unten stehende Feld.\u00a0Geben Sie den Produktcode Ihrer Versicherungsnummer ein. Es handelt sich dabei um die 3 Zeichen in der Mitte. Dies finden Sie in Ihrer j\u00e4hrlichen Mitteilung, z.B.: GR1, GD5, 3GR, [&hellip;]\" \/>\n<meta property=\"og:url\" content=\"https:\/\/adventuibcell.com\/de\/claim-forms\/\" \/>\n<meta property=\"article:publisher\" content=\"https:\/\/www.facebook.com\/StonebridgeInternationalInsurance\" \/>\n<meta property=\"article:modified_time\" content=\"2022-11-01T08:28:46+00:00\" \/>\n<meta name=\"twitter:card\" content=\"summary_large_image\" \/>\n<meta name=\"twitter:site\" content=\"@StonebridgeInt\" \/>\n<meta name=\"twitter:label1\" content=\"Gesch\u00e4tzte Lesezeit\" \/>\n\t<meta name=\"twitter:data1\" content=\"1\u00a0Minute\" \/>\n<script type=\"application\/ld+json\" class=\"yoast-schema-graph\">{\"@context\":\"https:\\\/\\\/schema.org\",\"@graph\":[{\"@type\":\"WebPage\",\"@id\":\"https:\\\/\\\/adventuibcell.com\\\/de\\\/claim-forms\\\/\",\"url\":\"https:\\\/\\\/adventuibcell.com\\\/de\\\/claim-forms\\\/\",\"name\":\"Claim Forms -\",\"isPartOf\":{\"@id\":\"https:\\\/\\\/adventuibcell.com\\\/#website\"},\"datePublished\":\"2021-05-08T07:23:57+00:00\",\"dateModified\":\"2022-11-01T08:28:46+00:00\",\"breadcrumb\":{\"@id\":\"https:\\\/\\\/adventuibcell.com\\\/de\\\/claim-forms\\\/#breadcrumb\"},\"inLanguage\":\"de\",\"potentialAction\":[{\"@type\":\"ReadAction\",\"target\":[\"https:\\\/\\\/adventuibcell.com\\\/de\\\/claim-forms\\\/\"]}]},{\"@type\":\"BreadcrumbList\",\"@id\":\"https:\\\/\\\/adventuibcell.com\\\/de\\\/claim-forms\\\/#breadcrumb\",\"itemListElement\":[{\"@type\":\"ListItem\",\"position\":1,\"name\":\"Home\",\"item\":\"https:\\\/\\\/adventuibcell.com\\\/\"},{\"@type\":\"ListItem\",\"position\":2,\"name\":\"Claim Forms\"}]},{\"@type\":\"WebSite\",\"@id\":\"https:\\\/\\\/adventuibcell.com\\\/#website\",\"url\":\"https:\\\/\\\/adventuibcell.com\\\/\",\"name\":\"\",\"description\":\"\",\"publisher\":{\"@id\":\"https:\\\/\\\/adventuibcell.com\\\/#organization\"},\"potentialAction\":[{\"@type\":\"SearchAction\",\"target\":{\"@type\":\"EntryPoint\",\"urlTemplate\":\"https:\\\/\\\/adventuibcell.com\\\/?s={search_term_string}\"},\"query-input\":{\"@type\":\"PropertyValueSpecification\",\"valueRequired\":true,\"valueName\":\"search_term_string\"}}],\"inLanguage\":\"de\"},{\"@type\":\"Organization\",\"@id\":\"https:\\\/\\\/adventuibcell.com\\\/#organization\",\"name\":\"Stonebridge Insurance\",\"url\":\"https:\\\/\\\/adventuibcell.com\\\/\",\"logo\":{\"@type\":\"ImageObject\",\"inLanguage\":\"de\",\"@id\":\"https:\\\/\\\/adventuibcell.com\\\/#\\\/schema\\\/logo\\\/image\\\/\",\"url\":\"https:\\\/\\\/adventuibcell.com\\\/wp-content\\\/uploads\\\/2022\\\/07\\\/1651768901766.jpg\",\"contentUrl\":\"https:\\\/\\\/adventuibcell.com\\\/wp-content\\\/uploads\\\/2022\\\/07\\\/1651768901766.jpg\",\"width\":200,\"height\":200,\"caption\":\"Stonebridge Insurance\"},\"image\":{\"@id\":\"https:\\\/\\\/adventuibcell.com\\\/#\\\/schema\\\/logo\\\/image\\\/\"},\"sameAs\":[\"https:\\\/\\\/www.facebook.com\\\/StonebridgeInternationalInsurance\",\"https:\\\/\\\/x.com\\\/StonebridgeInt\",\"https:\\\/\\\/www.linkedin.com\\\/company\\\/stonebridge-international-insurance\\\/\"]}]}<\/script>\n<!-- \/ Yoast SEO plugin. -->","yoast_head_json":{"title":"Claim Forms -","robots":{"index":"index","follow":"follow","max-snippet":"max-snippet:-1","max-image-preview":"max-image-preview:large","max-video-preview":"max-video-preview:-1"},"canonical":"https:\/\/adventuibcell.com\/de\/claim-forms\/","og_locale":"de_DE","og_type":"article","og_title":"Claim Forms -","og_description":"Antragsformular Advent Insurance PCC Ltd &#8211; UIB Cell\u00a0\/ Antragsformular Antragsformular Wenn Sie eine Kopie des Antragsformulars herunterladen m\u00f6chten, suchen Sie bitte dieses \u00fcber das unten stehende Feld.\u00a0Geben Sie den Produktcode Ihrer Versicherungsnummer ein. Es handelt sich dabei um die 3 Zeichen in der Mitte. Dies finden Sie in Ihrer j\u00e4hrlichen Mitteilung, z.B.: GR1, GD5, 3GR, [&hellip;]","og_url":"https:\/\/adventuibcell.com\/de\/claim-forms\/","article_publisher":"https:\/\/www.facebook.com\/StonebridgeInternationalInsurance","article_modified_time":"2022-11-01T08:28:46+00:00","twitter_card":"summary_large_image","twitter_site":"@StonebridgeInt","twitter_misc":{"Gesch\u00e4tzte Lesezeit":"1\u00a0Minute"},"schema":{"@context":"https:\/\/schema.org","@graph":[{"@type":"WebPage","@id":"https:\/\/adventuibcell.com\/de\/claim-forms\/","url":"https:\/\/adventuibcell.com\/de\/claim-forms\/","name":"Claim Forms -","isPartOf":{"@id":"https:\/\/adventuibcell.com\/#website"},"datePublished":"2021-05-08T07:23:57+00:00","dateModified":"2022-11-01T08:28:46+00:00","breadcrumb":{"@id":"https:\/\/adventuibcell.com\/de\/claim-forms\/#breadcrumb"},"inLanguage":"de","potentialAction":[{"@type":"ReadAction","target":["https:\/\/adventuibcell.com\/de\/claim-forms\/"]}]},{"@type":"BreadcrumbList","@id":"https:\/\/adventuibcell.com\/de\/claim-forms\/#breadcrumb","itemListElement":[{"@type":"ListItem","position":1,"name":"Home","item":"https:\/\/adventuibcell.com\/"},{"@type":"ListItem","position":2,"name":"Claim Forms"}]},{"@type":"WebSite","@id":"https:\/\/adventuibcell.com\/#website","url":"https:\/\/adventuibcell.com\/","name":"","description":"","publisher":{"@id":"https:\/\/adventuibcell.com\/#organization"},"potentialAction":[{"@type":"SearchAction","target":{"@type":"EntryPoint","urlTemplate":"https:\/\/adventuibcell.com\/?s={search_term_string}"},"query-input":{"@type":"PropertyValueSpecification","valueRequired":true,"valueName":"search_term_string"}}],"inLanguage":"de"},{"@type":"Organization","@id":"https:\/\/adventuibcell.com\/#organization","name":"Stonebridge Insurance","url":"https:\/\/adventuibcell.com\/","logo":{"@type":"ImageObject","inLanguage":"de","@id":"https:\/\/adventuibcell.com\/#\/schema\/logo\/image\/","url":"https:\/\/adventuibcell.com\/wp-content\/uploads\/2022\/07\/1651768901766.jpg","contentUrl":"https:\/\/adventuibcell.com\/wp-content\/uploads\/2022\/07\/1651768901766.jpg","width":200,"height":200,"caption":"Stonebridge Insurance"},"image":{"@id":"https:\/\/adventuibcell.com\/#\/schema\/logo\/image\/"},"sameAs":["https:\/\/www.facebook.com\/StonebridgeInternationalInsurance","https:\/\/x.com\/StonebridgeInt","https:\/\/www.linkedin.com\/company\/stonebridge-international-insurance\/"]}]}},"_links":{"self":[{"href":"https:\/\/adventuibcell.com\/de\/wp-json\/wp\/v2\/pages\/1958","targetHints":{"allow":["GET"]}}],"collection":[{"href":"https:\/\/adventuibcell.com\/de\/wp-json\/wp\/v2\/pages"}],"about":[{"href":"https:\/\/adventuibcell.com\/de\/wp-json\/wp\/v2\/types\/page"}],"author":[{"embeddable":true,"href":"https:\/\/adventuibcell.com\/de\/wp-json\/wp\/v2\/users\/1"}],"replies":[{"embeddable":true,"href":"https:\/\/adventuibcell.com\/de\/wp-json\/wp\/v2\/comments?post=1958"}],"version-history":[{"count":10,"href":"https:\/\/adventuibcell.com\/de\/wp-json\/wp\/v2\/pages\/1958\/revisions"}],"predecessor-version":[{"id":4477,"href":"https:\/\/adventuibcell.com\/de\/wp-json\/wp\/v2\/pages\/1958\/revisions\/4477"}],"wp:attachment":[{"href":"https:\/\/adventuibcell.com\/de\/wp-json\/wp\/v2\/media?parent=1958"}],"curies":[{"name":"wp","href":"https:\/\/api.w.org\/{rel}","templated":true}]}}