{"id":1193,"date":"2021-05-05T11:41:47","date_gmt":"2021-05-05T11:41:47","guid":{"rendered":"https:\/\/adventuibcell.com\/?page_id=1193"},"modified":"2022-10-18T14:52:46","modified_gmt":"2022-10-18T14:52:46","slug":"contact-us","status":"publish","type":"page","link":"https:\/\/adventuibcell.com\/es\/contact-us\/","title":{"rendered":"Contact us"},"content":{"rendered":"\t\t<div data-elementor-type=\"wp-page\" data-elementor-id=\"1193\" class=\"elementor elementor-1193\" data-elementor-post-type=\"page\">\n\t\t\t\t\t\t<section class=\"elementor-section elementor-top-section elementor-element elementor-element-3c80d5f elementor-section-full_width elementor-section-stretched sub-innerbanner elementor-section-height-default elementor-section-height-default\" data-id=\"3c80d5f\" data-element_type=\"section\" data-e-type=\"section\" data-settings=\"{&quot;stretch_section&quot;:&quot;section-stretched&quot;}\">\n\t\t\t\t\t\t<div class=\"elementor-container elementor-column-gap-no\">\n\t\t\t\t\t<div class=\"elementor-column elementor-col-50 elementor-top-column elementor-element elementor-element-86eb8bf innerbanner\" data-id=\"86eb8bf\" data-element_type=\"column\" data-e-type=\"column\" data-settings=\"{&quot;background_background&quot;:&quot;gradient&quot;}\">\n\t\t\t<div class=\"elementor-widget-wrap elementor-element-populated\">\n\t\t\t\t\t\t<div class=\"elementor-element elementor-element-dee2bec headingabout elementor-widget elementor-widget-heading\" data-id=\"dee2bec\" data-element_type=\"widget\" data-e-type=\"widget\" data-widget_type=\"heading.default\">\n\t\t\t\t<div class=\"elementor-widget-container\">\n\t\t\t\t\t<h2 class=\"elementor-heading-title elementor-size-default\">Cont\u00e1ctenos<\/h2>\t\t\t\t<\/div>\n\t\t\t\t<\/div>\n\t\t\t\t<div class=\"elementor-element elementor-element-2ebc52e sloganabout elementor-widget elementor-widget-heading\" data-id=\"2ebc52e\" data-element_type=\"widget\" data-e-type=\"widget\" data-widget_type=\"heading.default\">\n\t\t\t\t<div class=\"elementor-widget-container\">\n\t\t\t\t\t<h2 class=\"elementor-heading-title elementor-size-default\">C\u00f3mo contactar con nosotros\n<\/h2>\t\t\t\t<\/div>\n\t\t\t\t<\/div>\n\t\t\t\t\t<\/div>\n\t\t<\/div>\n\t\t\t\t<div class=\"elementor-column elementor-col-50 elementor-top-column elementor-element elementor-element-d185e84 imagesrightbanner\" data-id=\"d185e84\" data-element_type=\"column\" data-e-type=\"column\">\n\t\t\t<div class=\"elementor-widget-wrap elementor-element-populated\">\n\t\t\t\t\t\t<div class=\"elementor-element elementor-element-e7434e3 objectposition elementor-widget elementor-widget-image\" data-id=\"e7434e3\" data-element_type=\"widget\" data-e-type=\"widget\" data-widget_type=\"image.default\">\n\t\t\t\t<div class=\"elementor-widget-container\">\n\t\t\t\t\t\t\t\t\t\t\t\t\t\t\t<img fetchpriority=\"high\" decoding=\"async\" width=\"1920\" height=\"1280\" src=\"https:\/\/adventuibcell.com\/wp-content\/uploads\/2021\/05\/header-contact-us.jpg\" class=\"attachment-full size-full wp-image-1066\" alt=\"\" srcset=\"https:\/\/adventuibcell.com\/wp-content\/uploads\/2021\/05\/header-contact-us.jpg 1920w, https:\/\/adventuibcell.com\/wp-content\/uploads\/2021\/05\/header-contact-us-300x200.jpg 300w, https:\/\/adventuibcell.com\/wp-content\/uploads\/2021\/05\/header-contact-us-1024x683.jpg 1024w, https:\/\/adventuibcell.com\/wp-content\/uploads\/2021\/05\/header-contact-us-768x512.jpg 768w, https:\/\/adventuibcell.com\/wp-content\/uploads\/2021\/05\/header-contact-us-1536x1024.jpg 1536w\" sizes=\"(max-width: 1920px) 100vw, 1920px\" \/>\t\t\t\t\t\t\t\t\t\t\t\t\t\t\t<\/div>\n\t\t\t\t<\/div>\n\t\t\t\t\t<\/div>\n\t\t<\/div>\n\t\t\t\t\t<\/div>\n\t\t<\/section>\n\t\t\t\t<section class=\"elementor-section elementor-top-section elementor-element elementor-element-9a5c55a elementor-section-boxed elementor-section-height-default elementor-section-height-default\" data-id=\"9a5c55a\" data-element_type=\"section\" data-e-type=\"section\">\n\t\t\t\t\t\t<div class=\"elementor-container elementor-column-gap-default\">\n\t\t\t\t\t<div class=\"elementor-column elementor-col-100 elementor-top-column elementor-element elementor-element-fd083ac\" data-id=\"fd083ac\" data-element_type=\"column\" data-e-type=\"column\">\n\t\t\t<div class=\"elementor-widget-wrap elementor-element-populated\">\n\t\t\t\t\t\t<div class=\"elementor-element elementor-element-ddcce14 elementor-widget elementor-widget-text-editor\" data-id=\"ddcce14\" data-element_type=\"widget\" data-e-type=\"widget\" data-widget_type=\"text-editor.default\">\n\t\t\t\t<div class=\"elementor-widget-container\">\n\t\t\t\t\t\t\t\t\t<p><a href=\"\/es\/\">Advent Insurance PCC Ltd &#8211; UIB Cell<\/a> \/ <a href=\"\/es\/contact-us\/\">Cont\u00e1ctenos<\/a><\/p>\t\t\t\t\t\t\t\t<\/div>\n\t\t\t\t<\/div>\n\t\t\t\t\t<\/div>\n\t\t<\/div>\n\t\t\t\t\t<\/div>\n\t\t<\/section>\n\t\t\t\t<section class=\"elementor-section elementor-top-section elementor-element elementor-element-3c48711 elementor-section-boxed elementor-section-height-default elementor-section-height-default\" data-id=\"3c48711\" data-element_type=\"section\" data-e-type=\"section\">\n\t\t\t\t\t\t<div class=\"elementor-container elementor-column-gap-default\">\n\t\t\t\t\t<div class=\"elementor-column elementor-col-50 elementor-top-column elementor-element elementor-element-93ca5e3\" data-id=\"93ca5e3\" data-element_type=\"column\" data-e-type=\"column\" data-settings=\"{&quot;background_background&quot;:&quot;classic&quot;}\">\n\t\t\t<div class=\"elementor-widget-wrap elementor-element-populated\">\n\t\t\t\t\t\t<div class=\"elementor-element elementor-element-82cd395 elementor-align-left elementor-widget elementor-widget-button\" data-id=\"82cd395\" data-element_type=\"widget\" data-e-type=\"widget\" data-widget_type=\"button.default\">\n\t\t\t\t<div class=\"elementor-widget-container\">\n\t\t\t\t\t\t\t\t\t<div class=\"elementor-button-wrapper\">\n\t\t\t\t\t<a class=\"elementor-button elementor-button-link elementor-size-sm\" href=\"\/es\/contact-us\/\">\n\t\t\t\t\t\t<span class=\"elementor-button-content-wrapper\">\n\t\t\t\t\t\t<span class=\"elementor-button-icon\">\n\t\t\t\t<i aria-hidden=\"true\" class=\"fas fa-angle-left\"><\/i>\t\t\t<\/span>\n\t\t\t\t\t\t\t\t\t<span class=\"elementor-button-text\">Cont\u00e1ctenos<\/span>\n\t\t\t\t\t<\/span>\n\t\t\t\t\t<\/a>\n\t\t\t\t<\/div>\n\t\t\t\t\t\t\t\t<\/div>\n\t\t\t\t<\/div>\n\t\t\t\t\t<\/div>\n\t\t<\/div>\n\t\t\t\t<div class=\"elementor-column elementor-col-50 elementor-top-column elementor-element elementor-element-10c2261\" data-id=\"10c2261\" data-element_type=\"column\" data-e-type=\"column\">\n\t\t\t<div class=\"elementor-widget-wrap elementor-element-populated\">\n\t\t\t\t\t\t<div class=\"elementor-element elementor-element-12d5cd7 elementor-widget elementor-widget-text-editor\" data-id=\"12d5cd7\" data-element_type=\"widget\" data-e-type=\"widget\" data-widget_type=\"text-editor.default\">\n\t\t\t\t<div class=\"elementor-widget-container\">\n\t\t\t\t\t\t\t\t\tNuestro equipo de Atenci\u00f3n al Cliente podr\u00e1 dar respuesta a cualquier duda referente a su p\u00f3liza, verificar y\/o modificar sus datos personales, as\u00ed como informarle de otros productos\t\t\t\t\t\t\t\t<\/div>\n\t\t\t\t<\/div>\n\t\t\t\t<div class=\"elementor-element elementor-element-b3bd3ef elementor-widget elementor-widget-text-editor\" data-id=\"b3bd3ef\" data-element_type=\"widget\" data-e-type=\"widget\" data-widget_type=\"text-editor.default\">\n\t\t\t\t<div class=\"elementor-widget-container\">\n\t\t\t\t\t\t\t\t\tCuando se contacte con nosotros, proporcione informaci\u00f3n suficiente para que podamos identificarlo y encontrar su pol\u00edtica\t\t\t\t\t\t\t\t<\/div>\n\t\t\t\t<\/div>\n\t\t\t\t<div class=\"elementor-element elementor-element-2aca6a8 elementor-widget elementor-widget-heading\" data-id=\"2aca6a8\" data-element_type=\"widget\" data-e-type=\"widget\" data-widget_type=\"heading.default\">\n\t\t\t\t<div class=\"elementor-widget-container\">\n\t\t\t\t\t<h2 class=\"elementor-heading-title elementor-size-default\">Cont\u00e1ctenos<\/h2>\t\t\t\t<\/div>\n\t\t\t\t<\/div>\n\t\t\t\t<div class=\"elementor-element elementor-element-92301d5 elementor-widget elementor-widget-heading\" data-id=\"92301d5\" data-element_type=\"widget\" data-e-type=\"widget\" data-widget_type=\"heading.default\">\n\t\t\t\t<div class=\"elementor-widget-container\">\n\t\t\t\t\t<h2 class=\"elementor-heading-title elementor-size-default\">V\u00eda E-mail\n<\/h2>\t\t\t\t<\/div>\n\t\t\t\t<\/div>\n\t\t\t\t<div class=\"elementor-element elementor-element-123c5b4 elementor-widget elementor-widget-text-editor\" data-id=\"123c5b4\" data-element_type=\"widget\" data-e-type=\"widget\" data-widget_type=\"text-editor.default\">\n\t\t\t\t<div class=\"elementor-widget-container\">\n\t\t\t\t\t\t\t\t\t<p>clientes@adventuibcell.com<\/p>\t\t\t\t\t\t\t\t<\/div>\n\t\t\t\t<\/div>\n\t\t\t\t<div class=\"elementor-element elementor-element-7052a09 elementor-widget elementor-widget-heading\" data-id=\"7052a09\" data-element_type=\"widget\" data-e-type=\"widget\" data-widget_type=\"heading.default\">\n\t\t\t\t<div class=\"elementor-widget-container\">\n\t\t\t\t\t<h2 class=\"elementor-heading-title elementor-size-default\">Por tel\u00e9fono<\/h2>\t\t\t\t<\/div>\n\t\t\t\t<\/div>\n\t\t\t\t<div class=\"elementor-element elementor-element-db0a87a elementor-widget elementor-widget-text-editor\" data-id=\"db0a87a\" data-element_type=\"widget\" data-e-type=\"widget\" data-widget_type=\"text-editor.default\">\n\t\t\t\t<div class=\"elementor-widget-container\">\n\t\t\t\t\t\t\t\t\t800 007 362\t\t\t\t\t\t\t\t<\/div>\n\t\t\t\t<\/div>\n\t\t\t\t<div class=\"elementor-element elementor-element-bde3abf elementor-widget elementor-widget-text-editor\" data-id=\"bde3abf\" data-element_type=\"widget\" data-e-type=\"widget\" data-widget_type=\"text-editor.default\">\n\t\t\t\t<div class=\"elementor-widget-container\">\n\t\t\t\t\t\t\t\t\tActualmente estamos actualizando nuestro sistema telef\u00f3nico. Si tiene problemas al intentar ponerse en contacto con nuestro equipo de atenci\u00f3n al cliente, por favor cont\u00e1ctenos a trav\u00e9s de nuestro correo electr\u00f3nico y uno de nuestros agentes le contactar\u00e1 lo antes posible. Muchas gracias por su paciencia.\t\t\t\t\t\t\t\t<\/div>\n\t\t\t\t<\/div>\n\t\t\t\t<div class=\"elementor-element elementor-element-e03b4a7 elementor-widget elementor-widget-heading\" data-id=\"e03b4a7\" data-element_type=\"widget\" data-e-type=\"widget\" data-widget_type=\"heading.default\">\n\t\t\t\t<div class=\"elementor-widget-container\">\n\t\t\t\t\t<h2 class=\"elementor-heading-title elementor-size-default\">Por formulario en l\u00ednea\n<\/h2>\t\t\t\t<\/div>\n\t\t\t\t<\/div>\n\t\t\t\t<div class=\"elementor-element elementor-element-29b6a86 elementor-widget elementor-widget-text-editor\" data-id=\"29b6a86\" data-element_type=\"widget\" data-e-type=\"widget\" data-widget_type=\"text-editor.default\">\n\t\t\t\t<div class=\"elementor-widget-container\">\n\t\t\t\t\t\t\t\t\tHaga clic aqu\u00ed para obtener el <a href=\"\/es\/online-contact-form\/\">formulario en l\u00ednea<\/a>\t\t\t\t\t\t\t\t<\/div>\n\t\t\t\t<\/div>\n\t\t\t\t<div class=\"elementor-element elementor-element-27aceab elementor-widget elementor-widget-heading\" data-id=\"27aceab\" data-element_type=\"widget\" data-e-type=\"widget\" data-widget_type=\"heading.default\">\n\t\t\t\t<div class=\"elementor-widget-container\">\n\t\t\t\t\t<h2 class=\"elementor-heading-title elementor-size-default\">Por escrito\n<\/h2>\t\t\t\t<\/div>\n\t\t\t\t<\/div>\n\t\t\t\t<div class=\"elementor-element elementor-element-a63fce4 elementor-widget elementor-widget-text-editor\" data-id=\"a63fce4\" data-element_type=\"widget\" data-e-type=\"widget\" data-widget_type=\"text-editor.default\">\n\t\t\t\t<div class=\"elementor-widget-container\">\n\t\t\t\t\t\t\t\t\t<p>Advent Insurance PCC Ltd &#8211; UIB Cell<br \/>PO Box 7471<br \/>Bilston<br \/>WV14 4BY<br \/>Cualquier correo recibido en nuestra previa direcci\u00f3n se desviar\u00e1 durante un breve per\u00edodo de tiempo<\/p>\t\t\t\t\t\t\t\t<\/div>\n\t\t\t\t<\/div>\n\t\t\t\t<div class=\"elementor-element elementor-element-5b92e7e elementor-widget elementor-widget-text-editor\" data-id=\"5b92e7e\" data-element_type=\"widget\" data-e-type=\"widget\" data-widget_type=\"text-editor.default\">\n\t\t\t\t<div class=\"elementor-widget-container\">\n\t\t\t\t\t\t\t\t\tPor favor recuerde que todas las llamadas al centro de Atenci\u00f3n al Cliente ser\u00e1n grabadas por motivos de calidad de la llamada y para garantizar su seguridad.\t\t\t\t\t\t\t\t<\/div>\n\t\t\t\t<\/div>\n\t\t\t\t\t<\/div>\n\t\t<\/div>\n\t\t\t\t\t<\/div>\n\t\t<\/section>\n\t\t\t\t<\/div>\n\t\t","protected":false},"excerpt":{"rendered":"<p>Cont\u00e1ctenos C\u00f3mo contactar con nosotros Advent Insurance PCC Ltd &#8211; UIB Cell \/ Cont\u00e1ctenos Cont\u00e1ctenos Nuestro equipo de Atenci\u00f3n al Cliente podr\u00e1 dar respuesta a cualquier duda referente a su p\u00f3liza, verificar y\/o modificar sus datos personales, as\u00ed como informarle de otros productosCuando se contacte con nosotros, proporcione informaci\u00f3n suficiente para que podamos identificarlo y [&hellip;]<\/p>\n","protected":false},"author":1,"featured_media":0,"parent":0,"menu_order":0,"comment_status":"closed","ping_status":"open","template":"","meta":{"_monsterinsights_skip_tracking":false,"_monsterinsights_sitenote_active":false,"_monsterinsights_sitenote_note":"","_monsterinsights_sitenote_category":0,"footnotes":""},"class_list":["post-1193","page","type-page","status-publish","hentry"],"yoast_head":"<!-- This site is optimized with the Yoast SEO plugin v27.3 - https:\/\/yoast.com\/product\/yoast-seo-wordpress\/ -->\n<title>Contact us -<\/title>\n<meta name=\"robots\" content=\"index, follow, max-snippet:-1, max-image-preview:large, max-video-preview:-1\" \/>\n<link rel=\"canonical\" href=\"https:\/\/adventuibcell.com\/?page_id=126\" \/>\n<meta property=\"og:locale\" content=\"es_ES\" \/>\n<meta property=\"og:type\" content=\"article\" \/>\n<meta property=\"og:title\" content=\"Contact us -\" \/>\n<meta property=\"og:description\" content=\"Cont\u00e1ctenos C\u00f3mo contactar con nosotros Advent Insurance PCC Ltd &#8211; UIB Cell \/ Cont\u00e1ctenos Cont\u00e1ctenos Nuestro equipo de Atenci\u00f3n al Cliente podr\u00e1 dar respuesta a cualquier duda referente a su p\u00f3liza, verificar y\/o modificar sus datos personales, as\u00ed como informarle de otros productosCuando se contacte con nosotros, proporcione informaci\u00f3n suficiente para que podamos identificarlo y [&hellip;]\" \/>\n<meta property=\"og:url\" content=\"https:\/\/adventuibcell.com\/?page_id=126\" \/>\n<meta property=\"article:publisher\" content=\"https:\/\/www.facebook.com\/StonebridgeInternationalInsurance\" \/>\n<meta property=\"article:modified_time\" content=\"2022-10-18T14:52:46+00:00\" \/>\n<meta property=\"og:image\" content=\"https:\/\/adventuibcell.com\/wp-content\/uploads\/2021\/05\/header-contact-us.jpg\" \/>\n<meta name=\"twitter:card\" content=\"summary_large_image\" \/>\n<meta name=\"twitter:site\" content=\"@StonebridgeInt\" \/>\n<meta name=\"twitter:label1\" content=\"Tiempo de lectura\" \/>\n\t<meta name=\"twitter:data1\" content=\"1 minuto\" \/>\n<script type=\"application\/ld+json\" class=\"yoast-schema-graph\">{\"@context\":\"https:\\\/\\\/schema.org\",\"@graph\":[{\"@type\":\"WebPage\",\"@id\":\"https:\\\/\\\/adventuibcell.com\\\/?page_id=126\",\"url\":\"https:\\\/\\\/adventuibcell.com\\\/?page_id=126\",\"name\":\"Contact us -\",\"isPartOf\":{\"@id\":\"https:\\\/\\\/adventuibcell.com\\\/#website\"},\"primaryImageOfPage\":{\"@id\":\"https:\\\/\\\/adventuibcell.com\\\/?page_id=126#primaryimage\"},\"image\":{\"@id\":\"https:\\\/\\\/adventuibcell.com\\\/?page_id=126#primaryimage\"},\"thumbnailUrl\":\"https:\\\/\\\/adventuibcell.com\\\/wp-content\\\/uploads\\\/2021\\\/05\\\/header-contact-us.jpg\",\"datePublished\":\"2021-05-05T11:41:47+00:00\",\"dateModified\":\"2022-10-18T14:52:46+00:00\",\"breadcrumb\":{\"@id\":\"https:\\\/\\\/adventuibcell.com\\\/?page_id=126#breadcrumb\"},\"inLanguage\":\"es\",\"potentialAction\":[{\"@type\":\"ReadAction\",\"target\":[\"https:\\\/\\\/adventuibcell.com\\\/?page_id=126\"]}]},{\"@type\":\"ImageObject\",\"inLanguage\":\"es\",\"@id\":\"https:\\\/\\\/adventuibcell.com\\\/?page_id=126#primaryimage\",\"url\":\"https:\\\/\\\/adventuibcell.com\\\/wp-content\\\/uploads\\\/2021\\\/05\\\/header-contact-us.jpg\",\"contentUrl\":\"https:\\\/\\\/adventuibcell.com\\\/wp-content\\\/uploads\\\/2021\\\/05\\\/header-contact-us.jpg\"},{\"@type\":\"BreadcrumbList\",\"@id\":\"https:\\\/\\\/adventuibcell.com\\\/?page_id=126#breadcrumb\",\"itemListElement\":[{\"@type\":\"ListItem\",\"position\":1,\"name\":\"Home\",\"item\":\"https:\\\/\\\/adventuibcell.com\\\/\"},{\"@type\":\"ListItem\",\"position\":2,\"name\":\"Contact us\"}]},{\"@type\":\"WebSite\",\"@id\":\"https:\\\/\\\/adventuibcell.com\\\/#website\",\"url\":\"https:\\\/\\\/adventuibcell.com\\\/\",\"name\":\"\",\"description\":\"\",\"publisher\":{\"@id\":\"https:\\\/\\\/adventuibcell.com\\\/#organization\"},\"potentialAction\":[{\"@type\":\"SearchAction\",\"target\":{\"@type\":\"EntryPoint\",\"urlTemplate\":\"https:\\\/\\\/adventuibcell.com\\\/?s={search_term_string}\"},\"query-input\":{\"@type\":\"PropertyValueSpecification\",\"valueRequired\":true,\"valueName\":\"search_term_string\"}}],\"inLanguage\":\"es\"},{\"@type\":\"Organization\",\"@id\":\"https:\\\/\\\/adventuibcell.com\\\/#organization\",\"name\":\"Stonebridge Insurance\",\"url\":\"https:\\\/\\\/adventuibcell.com\\\/\",\"logo\":{\"@type\":\"ImageObject\",\"inLanguage\":\"es\",\"@id\":\"https:\\\/\\\/adventuibcell.com\\\/#\\\/schema\\\/logo\\\/image\\\/\",\"url\":\"https:\\\/\\\/adventuibcell.com\\\/wp-content\\\/uploads\\\/2022\\\/07\\\/1651768901766.jpg\",\"contentUrl\":\"https:\\\/\\\/adventuibcell.com\\\/wp-content\\\/uploads\\\/2022\\\/07\\\/1651768901766.jpg\",\"width\":200,\"height\":200,\"caption\":\"Stonebridge Insurance\"},\"image\":{\"@id\":\"https:\\\/\\\/adventuibcell.com\\\/#\\\/schema\\\/logo\\\/image\\\/\"},\"sameAs\":[\"https:\\\/\\\/www.facebook.com\\\/StonebridgeInternationalInsurance\",\"https:\\\/\\\/x.com\\\/StonebridgeInt\",\"https:\\\/\\\/www.linkedin.com\\\/company\\\/stonebridge-international-insurance\\\/\"]}]}<\/script>\n<!-- \/ Yoast SEO plugin. -->","yoast_head_json":{"title":"Contact us -","robots":{"index":"index","follow":"follow","max-snippet":"max-snippet:-1","max-image-preview":"max-image-preview:large","max-video-preview":"max-video-preview:-1"},"canonical":"https:\/\/adventuibcell.com\/?page_id=126","og_locale":"es_ES","og_type":"article","og_title":"Contact us -","og_description":"Cont\u00e1ctenos C\u00f3mo contactar con nosotros Advent Insurance PCC Ltd &#8211; UIB Cell \/ Cont\u00e1ctenos Cont\u00e1ctenos Nuestro equipo de Atenci\u00f3n al Cliente podr\u00e1 dar respuesta a cualquier duda referente a su p\u00f3liza, verificar y\/o modificar sus datos personales, as\u00ed como informarle de otros productosCuando se contacte con nosotros, proporcione informaci\u00f3n suficiente para que podamos identificarlo y [&hellip;]","og_url":"https:\/\/adventuibcell.com\/?page_id=126","article_publisher":"https:\/\/www.facebook.com\/StonebridgeInternationalInsurance","article_modified_time":"2022-10-18T14:52:46+00:00","og_image":[{"url":"https:\/\/adventuibcell.com\/wp-content\/uploads\/2021\/05\/header-contact-us.jpg","type":"","width":"","height":""}],"twitter_card":"summary_large_image","twitter_site":"@StonebridgeInt","twitter_misc":{"Tiempo de lectura":"1 minuto"},"schema":{"@context":"https:\/\/schema.org","@graph":[{"@type":"WebPage","@id":"https:\/\/adventuibcell.com\/?page_id=126","url":"https:\/\/adventuibcell.com\/?page_id=126","name":"Contact us -","isPartOf":{"@id":"https:\/\/adventuibcell.com\/#website"},"primaryImageOfPage":{"@id":"https:\/\/adventuibcell.com\/?page_id=126#primaryimage"},"image":{"@id":"https:\/\/adventuibcell.com\/?page_id=126#primaryimage"},"thumbnailUrl":"https:\/\/adventuibcell.com\/wp-content\/uploads\/2021\/05\/header-contact-us.jpg","datePublished":"2021-05-05T11:41:47+00:00","dateModified":"2022-10-18T14:52:46+00:00","breadcrumb":{"@id":"https:\/\/adventuibcell.com\/?page_id=126#breadcrumb"},"inLanguage":"es","potentialAction":[{"@type":"ReadAction","target":["https:\/\/adventuibcell.com\/?page_id=126"]}]},{"@type":"ImageObject","inLanguage":"es","@id":"https:\/\/adventuibcell.com\/?page_id=126#primaryimage","url":"https:\/\/adventuibcell.com\/wp-content\/uploads\/2021\/05\/header-contact-us.jpg","contentUrl":"https:\/\/adventuibcell.com\/wp-content\/uploads\/2021\/05\/header-contact-us.jpg"},{"@type":"BreadcrumbList","@id":"https:\/\/adventuibcell.com\/?page_id=126#breadcrumb","itemListElement":[{"@type":"ListItem","position":1,"name":"Home","item":"https:\/\/adventuibcell.com\/"},{"@type":"ListItem","position":2,"name":"Contact us"}]},{"@type":"WebSite","@id":"https:\/\/adventuibcell.com\/#website","url":"https:\/\/adventuibcell.com\/","name":"","description":"","publisher":{"@id":"https:\/\/adventuibcell.com\/#organization"},"potentialAction":[{"@type":"SearchAction","target":{"@type":"EntryPoint","urlTemplate":"https:\/\/adventuibcell.com\/?s={search_term_string}"},"query-input":{"@type":"PropertyValueSpecification","valueRequired":true,"valueName":"search_term_string"}}],"inLanguage":"es"},{"@type":"Organization","@id":"https:\/\/adventuibcell.com\/#organization","name":"Stonebridge Insurance","url":"https:\/\/adventuibcell.com\/","logo":{"@type":"ImageObject","inLanguage":"es","@id":"https:\/\/adventuibcell.com\/#\/schema\/logo\/image\/","url":"https:\/\/adventuibcell.com\/wp-content\/uploads\/2022\/07\/1651768901766.jpg","contentUrl":"https:\/\/adventuibcell.com\/wp-content\/uploads\/2022\/07\/1651768901766.jpg","width":200,"height":200,"caption":"Stonebridge Insurance"},"image":{"@id":"https:\/\/adventuibcell.com\/#\/schema\/logo\/image\/"},"sameAs":["https:\/\/www.facebook.com\/StonebridgeInternationalInsurance","https:\/\/x.com\/StonebridgeInt","https:\/\/www.linkedin.com\/company\/stonebridge-international-insurance\/"]}]}},"_links":{"self":[{"href":"https:\/\/adventuibcell.com\/es\/wp-json\/wp\/v2\/pages\/1193","targetHints":{"allow":["GET"]}}],"collection":[{"href":"https:\/\/adventuibcell.com\/es\/wp-json\/wp\/v2\/pages"}],"about":[{"href":"https:\/\/adventuibcell.com\/es\/wp-json\/wp\/v2\/types\/page"}],"author":[{"embeddable":true,"href":"https:\/\/adventuibcell.com\/es\/wp-json\/wp\/v2\/users\/1"}],"replies":[{"embeddable":true,"href":"https:\/\/adventuibcell.com\/es\/wp-json\/wp\/v2\/comments?post=1193"}],"version-history":[{"count":34,"href":"https:\/\/adventuibcell.com\/es\/wp-json\/wp\/v2\/pages\/1193\/revisions"}],"predecessor-version":[{"id":4384,"href":"https:\/\/adventuibcell.com\/es\/wp-json\/wp\/v2\/pages\/1193\/revisions\/4384"}],"wp:attachment":[{"href":"https:\/\/adventuibcell.com\/es\/wp-json\/wp\/v2\/media?parent=1193"}],"curies":[{"name":"wp","href":"https:\/\/api.w.org\/{rel}","templated":true}]}}