{"id":1200,"date":"2021-05-06T08:03:28","date_gmt":"2021-05-06T08:03:28","guid":{"rendered":"https:\/\/adventuibcell.com\/?page_id=1200"},"modified":"2022-12-29T13:30:45","modified_gmt":"2022-12-29T13:30:45","slug":"making-a-claim","status":"publish","type":"page","link":"https:\/\/adventuibcell.com\/es\/making-a-claim\/","title":{"rendered":"Making a claim"},"content":{"rendered":"\t\t<div data-elementor-type=\"wp-page\" data-elementor-id=\"1200\" class=\"elementor elementor-1200\" data-elementor-post-type=\"page\">\n\t\t\t\t\t\t<section class=\"elementor-section elementor-top-section elementor-element elementor-element-70e9696 elementor-section-boxed elementor-section-height-default elementor-section-height-default\" data-id=\"70e9696\" data-element_type=\"section\" data-e-type=\"section\" data-settings=\"{&quot;background_background&quot;:&quot;classic&quot;}\">\n\t\t\t\t\t\t<div class=\"elementor-container elementor-column-gap-default\">\n\t\t\t\t\t<div class=\"elementor-column elementor-col-100 elementor-top-column elementor-element elementor-element-35be865\" data-id=\"35be865\" data-element_type=\"column\" data-e-type=\"column\">\n\t\t\t<div class=\"elementor-widget-wrap elementor-element-populated\">\n\t\t\t\t\t\t<div class=\"elementor-element elementor-element-9b447dd elementor-widget elementor-widget-heading\" data-id=\"9b447dd\" data-element_type=\"widget\" data-e-type=\"widget\" data-widget_type=\"heading.default\">\n\t\t\t\t<div class=\"elementor-widget-container\">\n\t\t\t\t\t<h2 class=\"elementor-heading-title elementor-size-default\">Hacer una reclamaci\u00f3n\n<\/h2>\t\t\t\t<\/div>\n\t\t\t\t<\/div>\n\t\t\t\t\t<\/div>\n\t\t<\/div>\n\t\t\t\t\t<\/div>\n\t\t<\/section>\n\t\t\t\t<section class=\"elementor-section elementor-top-section elementor-element elementor-element-9a5c55a elementor-section-boxed elementor-section-height-default elementor-section-height-default\" data-id=\"9a5c55a\" data-element_type=\"section\" data-e-type=\"section\">\n\t\t\t\t\t\t<div class=\"elementor-container elementor-column-gap-default\">\n\t\t\t\t\t<div class=\"elementor-column elementor-col-100 elementor-top-column elementor-element elementor-element-fd083ac\" data-id=\"fd083ac\" data-element_type=\"column\" data-e-type=\"column\">\n\t\t\t<div class=\"elementor-widget-wrap elementor-element-populated\">\n\t\t\t\t\t\t<div class=\"elementor-element elementor-element-ddcce14 elementor-widget elementor-widget-text-editor\" data-id=\"ddcce14\" data-element_type=\"widget\" data-e-type=\"widget\" data-widget_type=\"text-editor.default\">\n\t\t\t\t<div class=\"elementor-widget-container\">\n\t\t\t\t\t\t\t\t\t<p><a href=\"https:\/\/www.stonebridge-insurance.com\/es\/\">Advent Insurance PCC Ltd &#8211; UIB Cell<\/a> \/ <a href=\"\/es\/customer-zone\"><br \/>Zona Cliente<br \/><\/a> \/ <span style=\"color: #001e32;\">Hacer una reclamaci\u00f3n<\/span><\/p>\t\t\t\t\t\t\t\t<\/div>\n\t\t\t\t<\/div>\n\t\t\t\t\t<\/div>\n\t\t<\/div>\n\t\t\t\t\t<\/div>\n\t\t<\/section>\n\t\t\t\t<section class=\"elementor-section elementor-top-section elementor-element elementor-element-3c48711 elementor-section-boxed elementor-section-height-default elementor-section-height-default\" data-id=\"3c48711\" data-element_type=\"section\" data-e-type=\"section\">\n\t\t\t\t\t\t<div class=\"elementor-container elementor-column-gap-default\">\n\t\t\t\t\t<div class=\"elementor-column elementor-col-50 elementor-top-column elementor-element elementor-element-93ca5e3\" data-id=\"93ca5e3\" data-element_type=\"column\" data-e-type=\"column\" data-settings=\"{&quot;background_background&quot;:&quot;classic&quot;}\">\n\t\t\t<div class=\"elementor-widget-wrap elementor-element-populated\">\n\t\t\t\t\t\t<div class=\"elementor-element elementor-element-82cd395 elementor-align-left elementor-widget elementor-widget-button\" data-id=\"82cd395\" data-element_type=\"widget\" data-e-type=\"widget\" data-widget_type=\"button.default\">\n\t\t\t\t<div class=\"elementor-widget-container\">\n\t\t\t\t\t\t\t\t\t<div class=\"elementor-button-wrapper\">\n\t\t\t\t\t<a class=\"elementor-button elementor-button-link elementor-size-sm\" href=\"\/es\/customer-zone\/\">\n\t\t\t\t\t\t<span class=\"elementor-button-content-wrapper\">\n\t\t\t\t\t\t<span class=\"elementor-button-icon\">\n\t\t\t\t<i aria-hidden=\"true\" class=\"fas fa-angle-left\"><\/i>\t\t\t<\/span>\n\t\t\t\t\t\t\t\t\t<span class=\"elementor-button-text\"> Zona Cliente<\/span>\n\t\t\t\t\t<\/span>\n\t\t\t\t\t<\/a>\n\t\t\t\t<\/div>\n\t\t\t\t\t\t\t\t<\/div>\n\t\t\t\t<\/div>\n\t\t\t\t<section class=\"elementor-section elementor-inner-section elementor-element elementor-element-869828d elementor-section-boxed elementor-section-height-default elementor-section-height-default\" data-id=\"869828d\" data-element_type=\"section\" data-e-type=\"section\">\n\t\t\t\t\t\t<div class=\"elementor-container elementor-column-gap-default\">\n\t\t\t\t\t<div class=\"elementor-column elementor-col-100 elementor-inner-column elementor-element elementor-element-1c21fa9\" data-id=\"1c21fa9\" data-element_type=\"column\" data-e-type=\"column\" data-settings=\"{&quot;background_background&quot;:&quot;classic&quot;}\">\n\t\t\t<div class=\"elementor-widget-wrap elementor-element-populated\">\n\t\t\t\t\t\t<div class=\"elementor-element elementor-element-c9a6629 elementor-widget elementor-widget-button\" data-id=\"c9a6629\" data-element_type=\"widget\" data-e-type=\"widget\" data-widget_type=\"button.default\">\n\t\t\t\t<div class=\"elementor-widget-container\">\n\t\t\t\t\t\t\t\t\t<div class=\"elementor-button-wrapper\">\n\t\t\t\t\t<a class=\"elementor-button elementor-button-link elementor-size-sm\" href=\"\/es\/customer-zone\/\">\n\t\t\t\t\t\t<span class=\"elementor-button-content-wrapper\">\n\t\t\t\t\t\t\t\t\t<span class=\"elementor-button-text\"> Zona Cliente<\/span>\n\t\t\t\t\t<\/span>\n\t\t\t\t\t<\/a>\n\t\t\t\t<\/div>\n\t\t\t\t\t\t\t\t<\/div>\n\t\t\t\t<\/div>\n\t\t\t\t<div class=\"elementor-element elementor-element-d1ec390 elementor-widget elementor-widget-button\" data-id=\"d1ec390\" data-element_type=\"widget\" data-e-type=\"widget\" data-widget_type=\"button.default\">\n\t\t\t\t<div class=\"elementor-widget-container\">\n\t\t\t\t\t\t\t\t\t<div class=\"elementor-button-wrapper\">\n\t\t\t\t\t<a class=\"elementor-button elementor-button-link elementor-size-sm\" href=\"\/es\/make-a-complaint\/\">\n\t\t\t\t\t\t<span class=\"elementor-button-content-wrapper\">\n\t\t\t\t\t\t\t\t\t<span class=\"elementor-button-text\">Hacer una queja<\/span>\n\t\t\t\t\t<\/span>\n\t\t\t\t\t<\/a>\n\t\t\t\t<\/div>\n\t\t\t\t\t\t\t\t<\/div>\n\t\t\t\t<\/div>\n\t\t\t\t<div class=\"elementor-element elementor-element-2e6aac4 elementor-widget elementor-widget-button\" data-id=\"2e6aac4\" data-element_type=\"widget\" data-e-type=\"widget\" data-widget_type=\"button.default\">\n\t\t\t\t<div class=\"elementor-widget-container\">\n\t\t\t\t\t\t\t\t\t<div class=\"elementor-button-wrapper\">\n\t\t\t\t\t<a class=\"elementor-button elementor-button-link elementor-size-sm\" href=\"\/es\/online-contact-form\/\">\n\t\t\t\t\t\t<span class=\"elementor-button-content-wrapper\">\n\t\t\t\t\t\t\t\t\t<span class=\"elementor-button-text\">Formulario Web<\/span>\n\t\t\t\t\t<\/span>\n\t\t\t\t\t<\/a>\n\t\t\t\t<\/div>\n\t\t\t\t\t\t\t\t<\/div>\n\t\t\t\t<\/div>\n\t\t\t\t\t<\/div>\n\t\t<\/div>\n\t\t\t\t\t<\/div>\n\t\t<\/section>\n\t\t\t\t\t<\/div>\n\t\t<\/div>\n\t\t\t\t<div class=\"elementor-column elementor-col-50 elementor-top-column elementor-element elementor-element-10c2261\" data-id=\"10c2261\" data-element_type=\"column\" data-e-type=\"column\">\n\t\t\t<div class=\"elementor-widget-wrap elementor-element-populated\">\n\t\t\t\t\t\t<div class=\"elementor-element elementor-element-2aca6a8 elementor-widget elementor-widget-heading\" data-id=\"2aca6a8\" data-element_type=\"widget\" data-e-type=\"widget\" data-widget_type=\"heading.default\">\n\t\t\t\t<div class=\"elementor-widget-container\">\n\t\t\t\t\t<h2 class=\"elementor-heading-title elementor-size-default\">Presentando un siniestro\n<\/h2>\t\t\t\t<\/div>\n\t\t\t\t<\/div>\n\t\t\t\t<div class=\"elementor-element elementor-element-779eb50 elementor-widget elementor-widget-text-editor\" data-id=\"779eb50\" data-element_type=\"widget\" data-e-type=\"widget\" data-widget_type=\"text-editor.default\">\n\t\t\t\t<div class=\"elementor-widget-container\">\n\t\t\t\t\t\t\t\t\tEntendemos que presentar un siniestro puede ser estresante. Nuestro dedicado Equipo de Siniestros har\u00e1 todo lo posible para garantizar que el proceso sea lo m\u00e1s f\u00e1cil posible para usted.\t\t\t\t\t\t\t\t<\/div>\n\t\t\t\t<\/div>\n\t\t\t\t<div class=\"elementor-element elementor-element-e03b4a7 elementor-widget elementor-widget-heading\" data-id=\"e03b4a7\" data-element_type=\"widget\" data-e-type=\"widget\" data-widget_type=\"heading.default\">\n\t\t\t\t<div class=\"elementor-widget-container\">\n\t\t\t\t\t<h2 class=\"elementor-heading-title elementor-size-default\">C\u00f3mo presentar un siniestro\n<\/h2>\t\t\t\t<\/div>\n\t\t\t\t<\/div>\n\t\t\t\t<div class=\"elementor-element elementor-element-29b6a86 elementor-widget elementor-widget-text-editor\" data-id=\"29b6a86\" data-element_type=\"widget\" data-e-type=\"widget\" data-widget_type=\"text-editor.default\">\n\t\t\t\t<div class=\"elementor-widget-container\">\n\t\t\t\t\t\t\t\t\tEsto es lo que hacer si usted (o su familia) necesita presentar un siniestro en su p\u00f3liza.\t\t\t\t\t\t\t\t<\/div>\n\t\t\t\t<\/div>\n\t\t\t\t<div class=\"elementor-element elementor-element-d9207a4 elementor-widget elementor-widget-text-editor\" data-id=\"d9207a4\" data-element_type=\"widget\" data-e-type=\"widget\" data-widget_type=\"text-editor.default\">\n\t\t\t\t<div class=\"elementor-widget-container\">\n\t\t\t\t\t\t\t\t\t<b>Paso 1:<\/b> Llame a nuestra L\u00ednea de Siniestros al 800 007 362. Las l\u00edneas est\u00e1n disponibles de 09:00 a 18:00, de lunes a viernes. Para ayudarnos a procesar su siniestro r\u00e1pidamente, por favor tenga a mano su n\u00famero de p\u00f3liza cuando llame.\t\t\t\t\t\t\t\t<\/div>\n\t\t\t\t<\/div>\n\t\t\t\t<div class=\"elementor-element elementor-element-2a5688e elementor-widget elementor-widget-text-editor\" data-id=\"2a5688e\" data-element_type=\"widget\" data-e-type=\"widget\" data-widget_type=\"text-editor.default\">\n\t\t\t\t<div class=\"elementor-widget-container\">\n\t\t\t\t\t\t\t\t\tPor favor tenga en cuenta que las llamadas a nuestro Equipo de Siniestros se graban con fines de capacitaci\u00f3n y control de calidad.\t\t\t\t\t\t\t\t<\/div>\n\t\t\t\t<\/div>\n\t\t\t\t<div class=\"elementor-element elementor-element-6491500 elementor-widget elementor-widget-text-editor\" data-id=\"6491500\" data-element_type=\"widget\" data-e-type=\"widget\" data-widget_type=\"text-editor.default\">\n\t\t\t\t<div class=\"elementor-widget-container\">\n\t\t\t\t\t\t\t\t\t<b>Paso 2:<\/b> Un miembro de nuestro Equipo de Siniestros atender\u00e1 el siniestro con usted, y confirmar\u00e1 la cobertura de su p\u00f3liza y los derechos a prestaciones. Luego le explicar\u00e1n lo que sucede a continuaci\u00f3n y le enviar\u00e1n un Formulario de Siniestro si es necesario.\t\t\t\t\t\t\t\t<\/div>\n\t\t\t\t<\/div>\n\t\t\t\t<div class=\"elementor-element elementor-element-221b4f7 elementor-widget elementor-widget-text-editor\" data-id=\"221b4f7\" data-element_type=\"widget\" data-e-type=\"widget\" data-widget_type=\"text-editor.default\">\n\t\t\t\t<div class=\"elementor-widget-container\">\n\t\t\t\t\t\t\t\t\t<b>Paso 3:<\/b> Si le pedimos que complete un Formulario de Siniestro, por favor devu\u00e9lvalo lo antes posible, junto con cualquier informaci\u00f3n adicional que hayamos solicitado.\t\t\t\t\t\t\t\t<\/div>\n\t\t\t\t<\/div>\n\t\t\t\t<div class=\"elementor-element elementor-element-3bee91f elementor-widget elementor-widget-text-editor\" data-id=\"3bee91f\" data-element_type=\"widget\" data-e-type=\"widget\" data-widget_type=\"text-editor.default\">\n\t\t\t\t<div class=\"elementor-widget-container\">\n\t\t\t\t\t\t\t\t\t<p><b>Paso 4:<\/b> Alternativamente, puede descargar una copia del Formulario de Siniestro <a href=\"https:\/\/adventuibcell.com\/es\/claim-forms\/\">aqu\u00ed<\/a> y devolv\u00e9rnoslo con todos los documentos requeridos a clientes@adventuibcell.com. Una vez que su siniestro haya sido validado, las prestaciones de su p\u00f3liza se pagan directamente en su cuenta bancaria, o mediante cheque si lo solicita.<\/p>\t\t\t\t\t\t\t\t<\/div>\n\t\t\t\t<\/div>\n\t\t\t\t<div class=\"elementor-element elementor-element-517091a elementor-widget elementor-widget-text-editor\" data-id=\"517091a\" data-element_type=\"widget\" data-e-type=\"widget\" data-widget_type=\"text-editor.default\">\n\t\t\t\t<div class=\"elementor-widget-container\">\n\t\t\t\t\t\t\t\t\tEnv\u00ede su Formulario de Siniestro completado a:\t\t\t\t\t\t\t\t<\/div>\n\t\t\t\t<\/div>\n\t\t\t\t<div class=\"elementor-element elementor-element-3b0f917 elementor-widget elementor-widget-text-editor\" data-id=\"3b0f917\" data-element_type=\"widget\" data-e-type=\"widget\" data-widget_type=\"text-editor.default\">\n\t\t\t\t<div class=\"elementor-widget-container\">\n\t\t\t\t\t\t\t\t\t<p>Advent Insurance PCC Ltd &#8211; UIB Cell<br \/>PO BOX 17474<br \/>Edinburgh<br \/>EH12 9SR<br \/>Reino Unido<\/p>\t\t\t\t\t\t\t\t<\/div>\n\t\t\t\t<\/div>\n\t\t\t\t<div class=\"elementor-element elementor-element-34d6723 elementor-widget elementor-widget-text-editor\" data-id=\"34d6723\" data-element_type=\"widget\" data-e-type=\"widget\" data-widget_type=\"text-editor.default\">\n\t\t\t\t<div class=\"elementor-widget-container\">\n\t\t\t\t\t\t\t\t\t<b>Ayuda adicional:<\/b> Si necesita ayuda con respecto a su cobertura, por favor llame a nuestro Equipo de Servicio al Cliente al TEL\u00c9FONO GRATUITO 800 007 362.\t\t\t\t\t\t\t\t<\/div>\n\t\t\t\t<\/div>\n\t\t\t\t\t<\/div>\n\t\t<\/div>\n\t\t\t\t\t<\/div>\n\t\t<\/section>\n\t\t\t\t<\/div>\n\t\t","protected":false},"excerpt":{"rendered":"<p>Hacer una reclamaci\u00f3n Advent Insurance PCC Ltd &#8211; UIB Cell \/ Zona Cliente \/ Hacer una reclamaci\u00f3n Zona Cliente Zona Cliente Hacer una queja Formulario Web Presentando un siniestro Entendemos que presentar un siniestro puede ser estresante. Nuestro dedicado Equipo de Siniestros har\u00e1 todo lo posible para garantizar que el proceso sea lo m\u00e1s f\u00e1cil [&hellip;]<\/p>\n","protected":false},"author":1,"featured_media":0,"parent":0,"menu_order":0,"comment_status":"closed","ping_status":"open","template":"","meta":{"_monsterinsights_skip_tracking":false,"_monsterinsights_sitenote_active":false,"_monsterinsights_sitenote_note":"","_monsterinsights_sitenote_category":0,"footnotes":""},"class_list":["post-1200","page","type-page","status-publish","hentry"],"yoast_head":"<!-- This site is optimized with the Yoast SEO plugin v27.5 - https:\/\/yoast.com\/product\/yoast-seo-wordpress\/ -->\n<title>Making a claim -<\/title>\n<meta name=\"robots\" content=\"index, follow, max-snippet:-1, max-image-preview:large, max-video-preview:-1\" \/>\n<link rel=\"canonical\" href=\"https:\/\/adventuibcell.com\/es\/making-a-claim\/\" \/>\n<meta property=\"og:locale\" content=\"es_ES\" \/>\n<meta property=\"og:type\" content=\"article\" \/>\n<meta property=\"og:title\" content=\"Making a claim -\" \/>\n<meta property=\"og:description\" content=\"Hacer una reclamaci\u00f3n Advent Insurance PCC Ltd &#8211; UIB Cell \/ Zona Cliente \/ Hacer una reclamaci\u00f3n Zona Cliente Zona Cliente Hacer una queja Formulario Web Presentando un siniestro Entendemos que presentar un siniestro puede ser estresante. Nuestro dedicado Equipo de Siniestros har\u00e1 todo lo posible para garantizar que el proceso sea lo m\u00e1s f\u00e1cil [&hellip;]\" \/>\n<meta property=\"og:url\" content=\"https:\/\/adventuibcell.com\/es\/making-a-claim\/\" \/>\n<meta property=\"article:publisher\" content=\"https:\/\/www.facebook.com\/StonebridgeInternationalInsurance\" \/>\n<meta property=\"article:modified_time\" content=\"2022-12-29T13:30:45+00:00\" \/>\n<meta name=\"twitter:card\" content=\"summary_large_image\" \/>\n<meta name=\"twitter:site\" content=\"@StonebridgeInt\" \/>\n<meta name=\"twitter:label1\" content=\"Tiempo de lectura\" \/>\n\t<meta name=\"twitter:data1\" content=\"2 minutos\" \/>\n<script type=\"application\/ld+json\" class=\"yoast-schema-graph\">{\"@context\":\"https:\\\/\\\/schema.org\",\"@graph\":[{\"@type\":\"WebPage\",\"@id\":\"https:\\\/\\\/adventuibcell.com\\\/es\\\/making-a-claim\\\/\",\"url\":\"https:\\\/\\\/adventuibcell.com\\\/es\\\/making-a-claim\\\/\",\"name\":\"Making a claim -\",\"isPartOf\":{\"@id\":\"https:\\\/\\\/adventuibcell.com\\\/#website\"},\"datePublished\":\"2021-05-06T08:03:28+00:00\",\"dateModified\":\"2022-12-29T13:30:45+00:00\",\"breadcrumb\":{\"@id\":\"https:\\\/\\\/adventuibcell.com\\\/es\\\/making-a-claim\\\/#breadcrumb\"},\"inLanguage\":\"es\",\"potentialAction\":[{\"@type\":\"ReadAction\",\"target\":[\"https:\\\/\\\/adventuibcell.com\\\/es\\\/making-a-claim\\\/\"]}]},{\"@type\":\"BreadcrumbList\",\"@id\":\"https:\\\/\\\/adventuibcell.com\\\/es\\\/making-a-claim\\\/#breadcrumb\",\"itemListElement\":[{\"@type\":\"ListItem\",\"position\":1,\"name\":\"Home\",\"item\":\"https:\\\/\\\/adventuibcell.com\\\/\"},{\"@type\":\"ListItem\",\"position\":2,\"name\":\"Making a claim\"}]},{\"@type\":\"WebSite\",\"@id\":\"https:\\\/\\\/adventuibcell.com\\\/#website\",\"url\":\"https:\\\/\\\/adventuibcell.com\\\/\",\"name\":\"\",\"description\":\"\",\"publisher\":{\"@id\":\"https:\\\/\\\/adventuibcell.com\\\/#organization\"},\"potentialAction\":[{\"@type\":\"SearchAction\",\"target\":{\"@type\":\"EntryPoint\",\"urlTemplate\":\"https:\\\/\\\/adventuibcell.com\\\/?s={search_term_string}\"},\"query-input\":{\"@type\":\"PropertyValueSpecification\",\"valueRequired\":true,\"valueName\":\"search_term_string\"}}],\"inLanguage\":\"es\"},{\"@type\":\"Organization\",\"@id\":\"https:\\\/\\\/adventuibcell.com\\\/#organization\",\"name\":\"Stonebridge Insurance\",\"url\":\"https:\\\/\\\/adventuibcell.com\\\/\",\"logo\":{\"@type\":\"ImageObject\",\"inLanguage\":\"es\",\"@id\":\"https:\\\/\\\/adventuibcell.com\\\/#\\\/schema\\\/logo\\\/image\\\/\",\"url\":\"https:\\\/\\\/adventuibcell.com\\\/wp-content\\\/uploads\\\/2022\\\/07\\\/1651768901766.jpg\",\"contentUrl\":\"https:\\\/\\\/adventuibcell.com\\\/wp-content\\\/uploads\\\/2022\\\/07\\\/1651768901766.jpg\",\"width\":200,\"height\":200,\"caption\":\"Stonebridge Insurance\"},\"image\":{\"@id\":\"https:\\\/\\\/adventuibcell.com\\\/#\\\/schema\\\/logo\\\/image\\\/\"},\"sameAs\":[\"https:\\\/\\\/www.facebook.com\\\/StonebridgeInternationalInsurance\",\"https:\\\/\\\/x.com\\\/StonebridgeInt\",\"https:\\\/\\\/www.linkedin.com\\\/company\\\/stonebridge-international-insurance\\\/\"]}]}<\/script>\n<!-- \/ Yoast SEO plugin. -->","yoast_head_json":{"title":"Making a claim -","robots":{"index":"index","follow":"follow","max-snippet":"max-snippet:-1","max-image-preview":"max-image-preview:large","max-video-preview":"max-video-preview:-1"},"canonical":"https:\/\/adventuibcell.com\/es\/making-a-claim\/","og_locale":"es_ES","og_type":"article","og_title":"Making a claim -","og_description":"Hacer una reclamaci\u00f3n Advent Insurance PCC Ltd &#8211; UIB Cell \/ Zona Cliente \/ Hacer una reclamaci\u00f3n Zona Cliente Zona Cliente Hacer una queja Formulario Web Presentando un siniestro Entendemos que presentar un siniestro puede ser estresante. Nuestro dedicado Equipo de Siniestros har\u00e1 todo lo posible para garantizar que el proceso sea lo m\u00e1s f\u00e1cil [&hellip;]","og_url":"https:\/\/adventuibcell.com\/es\/making-a-claim\/","article_publisher":"https:\/\/www.facebook.com\/StonebridgeInternationalInsurance","article_modified_time":"2022-12-29T13:30:45+00:00","twitter_card":"summary_large_image","twitter_site":"@StonebridgeInt","twitter_misc":{"Tiempo de lectura":"2 minutos"},"schema":{"@context":"https:\/\/schema.org","@graph":[{"@type":"WebPage","@id":"https:\/\/adventuibcell.com\/es\/making-a-claim\/","url":"https:\/\/adventuibcell.com\/es\/making-a-claim\/","name":"Making a claim -","isPartOf":{"@id":"https:\/\/adventuibcell.com\/#website"},"datePublished":"2021-05-06T08:03:28+00:00","dateModified":"2022-12-29T13:30:45+00:00","breadcrumb":{"@id":"https:\/\/adventuibcell.com\/es\/making-a-claim\/#breadcrumb"},"inLanguage":"es","potentialAction":[{"@type":"ReadAction","target":["https:\/\/adventuibcell.com\/es\/making-a-claim\/"]}]},{"@type":"BreadcrumbList","@id":"https:\/\/adventuibcell.com\/es\/making-a-claim\/#breadcrumb","itemListElement":[{"@type":"ListItem","position":1,"name":"Home","item":"https:\/\/adventuibcell.com\/"},{"@type":"ListItem","position":2,"name":"Making a claim"}]},{"@type":"WebSite","@id":"https:\/\/adventuibcell.com\/#website","url":"https:\/\/adventuibcell.com\/","name":"","description":"","publisher":{"@id":"https:\/\/adventuibcell.com\/#organization"},"potentialAction":[{"@type":"SearchAction","target":{"@type":"EntryPoint","urlTemplate":"https:\/\/adventuibcell.com\/?s={search_term_string}"},"query-input":{"@type":"PropertyValueSpecification","valueRequired":true,"valueName":"search_term_string"}}],"inLanguage":"es"},{"@type":"Organization","@id":"https:\/\/adventuibcell.com\/#organization","name":"Stonebridge Insurance","url":"https:\/\/adventuibcell.com\/","logo":{"@type":"ImageObject","inLanguage":"es","@id":"https:\/\/adventuibcell.com\/#\/schema\/logo\/image\/","url":"https:\/\/adventuibcell.com\/wp-content\/uploads\/2022\/07\/1651768901766.jpg","contentUrl":"https:\/\/adventuibcell.com\/wp-content\/uploads\/2022\/07\/1651768901766.jpg","width":200,"height":200,"caption":"Stonebridge Insurance"},"image":{"@id":"https:\/\/adventuibcell.com\/#\/schema\/logo\/image\/"},"sameAs":["https:\/\/www.facebook.com\/StonebridgeInternationalInsurance","https:\/\/x.com\/StonebridgeInt","https:\/\/www.linkedin.com\/company\/stonebridge-international-insurance\/"]}]}},"_links":{"self":[{"href":"https:\/\/adventuibcell.com\/es\/wp-json\/wp\/v2\/pages\/1200","targetHints":{"allow":["GET"]}}],"collection":[{"href":"https:\/\/adventuibcell.com\/es\/wp-json\/wp\/v2\/pages"}],"about":[{"href":"https:\/\/adventuibcell.com\/es\/wp-json\/wp\/v2\/types\/page"}],"author":[{"embeddable":true,"href":"https:\/\/adventuibcell.com\/es\/wp-json\/wp\/v2\/users\/1"}],"replies":[{"embeddable":true,"href":"https:\/\/adventuibcell.com\/es\/wp-json\/wp\/v2\/comments?post=1200"}],"version-history":[{"count":10,"href":"https:\/\/adventuibcell.com\/es\/wp-json\/wp\/v2\/pages\/1200\/revisions"}],"predecessor-version":[{"id":4595,"href":"https:\/\/adventuibcell.com\/es\/wp-json\/wp\/v2\/pages\/1200\/revisions\/4595"}],"wp:attachment":[{"href":"https:\/\/adventuibcell.com\/es\/wp-json\/wp\/v2\/media?parent=1200"}],"curies":[{"name":"wp","href":"https:\/\/api.w.org\/{rel}","templated":true}]}}