{"id":1219,"date":"2021-05-06T09:35:52","date_gmt":"2021-05-06T09:35:52","guid":{"rendered":"https:\/\/adventuibcell.com\/?page_id=1219"},"modified":"2022-10-31T09:40:51","modified_gmt":"2022-10-31T09:40:51","slug":"online-contact-form","status":"publish","type":"page","link":"https:\/\/adventuibcell.com\/es\/online-contact-form\/","title":{"rendered":"Online Contact Form"},"content":{"rendered":"\t\t<div data-elementor-type=\"wp-page\" data-elementor-id=\"1219\" class=\"elementor elementor-1219\" data-elementor-post-type=\"page\">\n\t\t\t\t\t\t<section class=\"elementor-section elementor-top-section elementor-element elementor-element-70e9696 slope elementor-section-boxed elementor-section-height-default elementor-section-height-default\" data-id=\"70e9696\" data-element_type=\"section\" data-e-type=\"section\" id=\"slope\" data-settings=\"{&quot;background_background&quot;:&quot;classic&quot;}\">\n\t\t\t\t\t\t<div class=\"elementor-container elementor-column-gap-default\">\n\t\t\t\t\t<div class=\"elementor-column elementor-col-100 elementor-top-column elementor-element elementor-element-35be865\" data-id=\"35be865\" data-element_type=\"column\" data-e-type=\"column\">\n\t\t\t<div class=\"elementor-widget-wrap elementor-element-populated\">\n\t\t\t\t\t\t<div class=\"elementor-element elementor-element-9b447dd elementor-widget elementor-widget-heading\" data-id=\"9b447dd\" data-element_type=\"widget\" data-e-type=\"widget\" data-widget_type=\"heading.default\">\n\t\t\t\t<div class=\"elementor-widget-container\">\n\t\t\t\t\t<h2 class=\"elementor-heading-title elementor-size-default\">Formulario Web\n<\/h2>\t\t\t\t<\/div>\n\t\t\t\t<\/div>\n\t\t\t\t\t<\/div>\n\t\t<\/div>\n\t\t\t\t\t<\/div>\n\t\t<\/section>\n\t\t\t\t<section class=\"elementor-section elementor-top-section elementor-element elementor-element-9a5c55a elementor-section-boxed elementor-section-height-default elementor-section-height-default\" data-id=\"9a5c55a\" data-element_type=\"section\" data-e-type=\"section\">\n\t\t\t\t\t\t<div class=\"elementor-container elementor-column-gap-default\">\n\t\t\t\t\t<div class=\"elementor-column elementor-col-100 elementor-top-column elementor-element elementor-element-fd083ac\" data-id=\"fd083ac\" data-element_type=\"column\" data-e-type=\"column\">\n\t\t\t<div class=\"elementor-widget-wrap elementor-element-populated\">\n\t\t\t\t\t\t<div class=\"elementor-element elementor-element-ddcce14 elementor-widget elementor-widget-text-editor\" data-id=\"ddcce14\" data-element_type=\"widget\" data-e-type=\"widget\" data-widget_type=\"text-editor.default\">\n\t\t\t\t<div class=\"elementor-widget-container\">\n\t\t\t\t\t\t\t\t\t<a href=\"https:\/\/www.stonebridge-insurance.com\/\">Stonebridge Insurance<\/a> \/ <a href=\"\/customer-zone\">Zona Cliente\n<\/a> \/ <span style=\"color: #001e32;\">Formulario Web<\/span>\t\t\t\t\t\t\t\t<\/div>\n\t\t\t\t<\/div>\n\t\t\t\t\t<\/div>\n\t\t<\/div>\n\t\t\t\t\t<\/div>\n\t\t<\/section>\n\t\t\t\t<section class=\"elementor-section elementor-top-section elementor-element elementor-element-3c48711 elementor-section-boxed elementor-section-height-default elementor-section-height-default\" data-id=\"3c48711\" data-element_type=\"section\" data-e-type=\"section\">\n\t\t\t\t\t\t<div class=\"elementor-container elementor-column-gap-default\">\n\t\t\t\t\t<div class=\"elementor-column elementor-col-50 elementor-top-column elementor-element elementor-element-93ca5e3\" data-id=\"93ca5e3\" data-element_type=\"column\" data-e-type=\"column\" data-settings=\"{&quot;background_background&quot;:&quot;classic&quot;}\">\n\t\t\t<div class=\"elementor-widget-wrap elementor-element-populated\">\n\t\t\t\t\t\t<div class=\"elementor-element elementor-element-82cd395 elementor-align-left elementor-widget elementor-widget-button\" data-id=\"82cd395\" data-element_type=\"widget\" data-e-type=\"widget\" data-widget_type=\"button.default\">\n\t\t\t\t<div class=\"elementor-widget-container\">\n\t\t\t\t\t\t\t\t\t<div class=\"elementor-button-wrapper\">\n\t\t\t\t\t<a class=\"elementor-button elementor-button-link elementor-size-sm\" href=\"\/customer-zone\/\">\n\t\t\t\t\t\t<span class=\"elementor-button-content-wrapper\">\n\t\t\t\t\t\t<span class=\"elementor-button-icon\">\n\t\t\t\t<i aria-hidden=\"true\" class=\"fas fa-angle-left\"><\/i>\t\t\t<\/span>\n\t\t\t\t\t\t\t\t\t<span class=\"elementor-button-text\">Zona Cliente<\/span>\n\t\t\t\t\t<\/span>\n\t\t\t\t\t<\/a>\n\t\t\t\t<\/div>\n\t\t\t\t\t\t\t\t<\/div>\n\t\t\t\t<\/div>\n\t\t\t\t<section class=\"elementor-section elementor-inner-section elementor-element elementor-element-869828d elementor-section-boxed elementor-section-height-default elementor-section-height-default\" data-id=\"869828d\" data-element_type=\"section\" data-e-type=\"section\">\n\t\t\t\t\t\t<div class=\"elementor-container elementor-column-gap-default\">\n\t\t\t\t\t<div class=\"elementor-column elementor-col-100 elementor-inner-column elementor-element elementor-element-1c21fa9\" data-id=\"1c21fa9\" data-element_type=\"column\" data-e-type=\"column\" data-settings=\"{&quot;background_background&quot;:&quot;classic&quot;}\">\n\t\t\t<div class=\"elementor-widget-wrap elementor-element-populated\">\n\t\t\t\t\t\t<div class=\"elementor-element elementor-element-c9a6629 elementor-widget elementor-widget-button\" data-id=\"c9a6629\" data-element_type=\"widget\" data-e-type=\"widget\" data-widget_type=\"button.default\">\n\t\t\t\t<div class=\"elementor-widget-container\">\n\t\t\t\t\t\t\t\t\t<div class=\"elementor-button-wrapper\">\n\t\t\t\t\t<a class=\"elementor-button elementor-button-link elementor-size-sm\" href=\"\/customer-zone\/\">\n\t\t\t\t\t\t<span class=\"elementor-button-content-wrapper\">\n\t\t\t\t\t\t\t\t\t<span class=\"elementor-button-text\">Zona Cliente<\/span>\n\t\t\t\t\t<\/span>\n\t\t\t\t\t<\/a>\n\t\t\t\t<\/div>\n\t\t\t\t\t\t\t\t<\/div>\n\t\t\t\t<\/div>\n\t\t\t\t<div class=\"elementor-element elementor-element-d1ec390 elementor-widget elementor-widget-button\" data-id=\"d1ec390\" data-element_type=\"widget\" data-e-type=\"widget\" data-widget_type=\"button.default\">\n\t\t\t\t<div class=\"elementor-widget-container\">\n\t\t\t\t\t\t\t\t\t<div class=\"elementor-button-wrapper\">\n\t\t\t\t\t<a class=\"elementor-button elementor-button-link elementor-size-sm\" href=\"\/es\/make-a-complaint\/\">\n\t\t\t\t\t\t<span class=\"elementor-button-content-wrapper\">\n\t\t\t\t\t\t\t\t\t<span class=\"elementor-button-text\">Hacer una queja<\/span>\n\t\t\t\t\t<\/span>\n\t\t\t\t\t<\/a>\n\t\t\t\t<\/div>\n\t\t\t\t\t\t\t\t<\/div>\n\t\t\t\t<\/div>\n\t\t\t\t<div class=\"elementor-element elementor-element-2e6aac4 elementor-widget elementor-widget-button\" data-id=\"2e6aac4\" data-element_type=\"widget\" data-e-type=\"widget\" data-widget_type=\"button.default\">\n\t\t\t\t<div class=\"elementor-widget-container\">\n\t\t\t\t\t\t\t\t\t<div class=\"elementor-button-wrapper\">\n\t\t\t\t\t<a class=\"elementor-button elementor-button-link elementor-size-sm\" href=\"\/contact-us\/\">\n\t\t\t\t\t\t<span class=\"elementor-button-content-wrapper\">\n\t\t\t\t\t\t\t\t\t<span class=\"elementor-button-text\">Formulario Web<\/span>\n\t\t\t\t\t<\/span>\n\t\t\t\t\t<\/a>\n\t\t\t\t<\/div>\n\t\t\t\t\t\t\t\t<\/div>\n\t\t\t\t<\/div>\n\t\t\t\t\t<\/div>\n\t\t<\/div>\n\t\t\t\t\t<\/div>\n\t\t<\/section>\n\t\t\t\t\t<\/div>\n\t\t<\/div>\n\t\t\t\t<div class=\"elementor-column elementor-col-50 elementor-top-column elementor-element elementor-element-10c2261\" data-id=\"10c2261\" data-element_type=\"column\" data-e-type=\"column\">\n\t\t\t<div class=\"elementor-widget-wrap elementor-element-populated\">\n\t\t\t\t\t\t<div class=\"elementor-element elementor-element-779eb50 elementor-widget elementor-widget-text-editor\" data-id=\"779eb50\" data-element_type=\"widget\" data-e-type=\"widget\" data-widget_type=\"text-editor.default\">\n\t\t\t\t<div class=\"elementor-widget-container\">\n\t\t\t\t\t\t\t\t\tPor favor, utilice el siguiente formulario para algunas de las tareas m\u00e1s frecuentes que los clientes normalmente nos llaman a hacer. El formulario se enviar\u00e1 a nuestro equipo de atenci\u00f3n al cliente que revisar\u00e1 su solicitud en breve.\t\t\t\t\t\t\t\t<\/div>\n\t\t\t\t<\/div>\n\t\t\t\t<div class=\"elementor-element elementor-element-7e7d173 elementor-widget elementor-widget-shortcode\" data-id=\"7e7d173\" data-element_type=\"widget\" data-e-type=\"widget\" data-widget_type=\"shortcode.default\">\n\t\t\t\t<div class=\"elementor-widget-container\">\n\t\t\t\t\t\t\t<div class=\"elementor-shortcode\"><script type=\"text\/javascript\" src=https:\/\/form.jotformeu.com\/jsform\/83392742381360><\/script><\/div>\n\t\t\t\t\t\t<\/div>\n\t\t\t\t<\/div>\n\t\t\t\t\t<\/div>\n\t\t<\/div>\n\t\t\t\t\t<\/div>\n\t\t<\/section>\n\t\t\t\t<\/div>\n\t\t","protected":false},"excerpt":{"rendered":"<p>Formulario Web Stonebridge Insurance \/ Zona Cliente \/ Formulario Web Zona Cliente Zona Cliente Hacer una queja Formulario Web Por favor, utilice el siguiente formulario para algunas de las tareas m\u00e1s frecuentes que los clientes normalmente nos llaman a hacer. El formulario se enviar\u00e1 a nuestro equipo de atenci\u00f3n al cliente que revisar\u00e1 su solicitud [&hellip;]<\/p>\n","protected":false},"author":1,"featured_media":0,"parent":0,"menu_order":0,"comment_status":"closed","ping_status":"open","template":"","meta":{"_monsterinsights_skip_tracking":false,"_monsterinsights_sitenote_active":false,"_monsterinsights_sitenote_note":"","_monsterinsights_sitenote_category":0,"footnotes":""},"class_list":["post-1219","page","type-page","status-publish","hentry"],"yoast_head":"<!-- This site is optimized with the Yoast SEO plugin v27.4 - https:\/\/yoast.com\/product\/yoast-seo-wordpress\/ -->\n<title>Online Contact Form -<\/title>\n<meta name=\"robots\" content=\"index, follow, max-snippet:-1, max-image-preview:large, max-video-preview:-1\" \/>\n<link rel=\"canonical\" href=\"https:\/\/adventuibcell.com\/es\/online-contact-form\/\" \/>\n<meta property=\"og:locale\" content=\"es_ES\" \/>\n<meta property=\"og:type\" content=\"article\" \/>\n<meta property=\"og:title\" content=\"Online Contact Form -\" \/>\n<meta property=\"og:description\" content=\"Formulario Web Stonebridge Insurance \/ Zona Cliente \/ Formulario Web Zona Cliente Zona Cliente Hacer una queja Formulario Web Por favor, utilice el siguiente formulario para algunas de las tareas m\u00e1s frecuentes que los clientes normalmente nos llaman a hacer. El formulario se enviar\u00e1 a nuestro equipo de atenci\u00f3n al cliente que revisar\u00e1 su solicitud [&hellip;]\" \/>\n<meta property=\"og:url\" content=\"https:\/\/adventuibcell.com\/es\/online-contact-form\/\" \/>\n<meta property=\"article:publisher\" content=\"https:\/\/www.facebook.com\/StonebridgeInternationalInsurance\" \/>\n<meta property=\"article:modified_time\" content=\"2022-10-31T09:40:51+00:00\" \/>\n<meta name=\"twitter:card\" content=\"summary_large_image\" \/>\n<meta name=\"twitter:site\" content=\"@StonebridgeInt\" \/>\n<script type=\"application\/ld+json\" class=\"yoast-schema-graph\">{\"@context\":\"https:\\\/\\\/schema.org\",\"@graph\":[{\"@type\":\"WebPage\",\"@id\":\"https:\\\/\\\/adventuibcell.com\\\/es\\\/online-contact-form\\\/\",\"url\":\"https:\\\/\\\/adventuibcell.com\\\/es\\\/online-contact-form\\\/\",\"name\":\"Online Contact Form -\",\"isPartOf\":{\"@id\":\"https:\\\/\\\/adventuibcell.com\\\/#website\"},\"datePublished\":\"2021-05-06T09:35:52+00:00\",\"dateModified\":\"2022-10-31T09:40:51+00:00\",\"breadcrumb\":{\"@id\":\"https:\\\/\\\/adventuibcell.com\\\/es\\\/online-contact-form\\\/#breadcrumb\"},\"inLanguage\":\"es\",\"potentialAction\":[{\"@type\":\"ReadAction\",\"target\":[\"https:\\\/\\\/adventuibcell.com\\\/es\\\/online-contact-form\\\/\"]}]},{\"@type\":\"BreadcrumbList\",\"@id\":\"https:\\\/\\\/adventuibcell.com\\\/es\\\/online-contact-form\\\/#breadcrumb\",\"itemListElement\":[{\"@type\":\"ListItem\",\"position\":1,\"name\":\"Home\",\"item\":\"https:\\\/\\\/adventuibcell.com\\\/\"},{\"@type\":\"ListItem\",\"position\":2,\"name\":\"Online Contact Form\"}]},{\"@type\":\"WebSite\",\"@id\":\"https:\\\/\\\/adventuibcell.com\\\/#website\",\"url\":\"https:\\\/\\\/adventuibcell.com\\\/\",\"name\":\"\",\"description\":\"\",\"publisher\":{\"@id\":\"https:\\\/\\\/adventuibcell.com\\\/#organization\"},\"potentialAction\":[{\"@type\":\"SearchAction\",\"target\":{\"@type\":\"EntryPoint\",\"urlTemplate\":\"https:\\\/\\\/adventuibcell.com\\\/?s={search_term_string}\"},\"query-input\":{\"@type\":\"PropertyValueSpecification\",\"valueRequired\":true,\"valueName\":\"search_term_string\"}}],\"inLanguage\":\"es\"},{\"@type\":\"Organization\",\"@id\":\"https:\\\/\\\/adventuibcell.com\\\/#organization\",\"name\":\"Stonebridge Insurance\",\"url\":\"https:\\\/\\\/adventuibcell.com\\\/\",\"logo\":{\"@type\":\"ImageObject\",\"inLanguage\":\"es\",\"@id\":\"https:\\\/\\\/adventuibcell.com\\\/#\\\/schema\\\/logo\\\/image\\\/\",\"url\":\"https:\\\/\\\/adventuibcell.com\\\/wp-content\\\/uploads\\\/2022\\\/07\\\/1651768901766.jpg\",\"contentUrl\":\"https:\\\/\\\/adventuibcell.com\\\/wp-content\\\/uploads\\\/2022\\\/07\\\/1651768901766.jpg\",\"width\":200,\"height\":200,\"caption\":\"Stonebridge Insurance\"},\"image\":{\"@id\":\"https:\\\/\\\/adventuibcell.com\\\/#\\\/schema\\\/logo\\\/image\\\/\"},\"sameAs\":[\"https:\\\/\\\/www.facebook.com\\\/StonebridgeInternationalInsurance\",\"https:\\\/\\\/x.com\\\/StonebridgeInt\",\"https:\\\/\\\/www.linkedin.com\\\/company\\\/stonebridge-international-insurance\\\/\"]}]}<\/script>\n<!-- \/ Yoast SEO plugin. -->","yoast_head_json":{"title":"Online Contact Form -","robots":{"index":"index","follow":"follow","max-snippet":"max-snippet:-1","max-image-preview":"max-image-preview:large","max-video-preview":"max-video-preview:-1"},"canonical":"https:\/\/adventuibcell.com\/es\/online-contact-form\/","og_locale":"es_ES","og_type":"article","og_title":"Online Contact Form -","og_description":"Formulario Web Stonebridge Insurance \/ Zona Cliente \/ Formulario Web Zona Cliente Zona Cliente Hacer una queja Formulario Web Por favor, utilice el siguiente formulario para algunas de las tareas m\u00e1s frecuentes que los clientes normalmente nos llaman a hacer. El formulario se enviar\u00e1 a nuestro equipo de atenci\u00f3n al cliente que revisar\u00e1 su solicitud [&hellip;]","og_url":"https:\/\/adventuibcell.com\/es\/online-contact-form\/","article_publisher":"https:\/\/www.facebook.com\/StonebridgeInternationalInsurance","article_modified_time":"2022-10-31T09:40:51+00:00","twitter_card":"summary_large_image","twitter_site":"@StonebridgeInt","schema":{"@context":"https:\/\/schema.org","@graph":[{"@type":"WebPage","@id":"https:\/\/adventuibcell.com\/es\/online-contact-form\/","url":"https:\/\/adventuibcell.com\/es\/online-contact-form\/","name":"Online Contact Form -","isPartOf":{"@id":"https:\/\/adventuibcell.com\/#website"},"datePublished":"2021-05-06T09:35:52+00:00","dateModified":"2022-10-31T09:40:51+00:00","breadcrumb":{"@id":"https:\/\/adventuibcell.com\/es\/online-contact-form\/#breadcrumb"},"inLanguage":"es","potentialAction":[{"@type":"ReadAction","target":["https:\/\/adventuibcell.com\/es\/online-contact-form\/"]}]},{"@type":"BreadcrumbList","@id":"https:\/\/adventuibcell.com\/es\/online-contact-form\/#breadcrumb","itemListElement":[{"@type":"ListItem","position":1,"name":"Home","item":"https:\/\/adventuibcell.com\/"},{"@type":"ListItem","position":2,"name":"Online Contact Form"}]},{"@type":"WebSite","@id":"https:\/\/adventuibcell.com\/#website","url":"https:\/\/adventuibcell.com\/","name":"","description":"","publisher":{"@id":"https:\/\/adventuibcell.com\/#organization"},"potentialAction":[{"@type":"SearchAction","target":{"@type":"EntryPoint","urlTemplate":"https:\/\/adventuibcell.com\/?s={search_term_string}"},"query-input":{"@type":"PropertyValueSpecification","valueRequired":true,"valueName":"search_term_string"}}],"inLanguage":"es"},{"@type":"Organization","@id":"https:\/\/adventuibcell.com\/#organization","name":"Stonebridge Insurance","url":"https:\/\/adventuibcell.com\/","logo":{"@type":"ImageObject","inLanguage":"es","@id":"https:\/\/adventuibcell.com\/#\/schema\/logo\/image\/","url":"https:\/\/adventuibcell.com\/wp-content\/uploads\/2022\/07\/1651768901766.jpg","contentUrl":"https:\/\/adventuibcell.com\/wp-content\/uploads\/2022\/07\/1651768901766.jpg","width":200,"height":200,"caption":"Stonebridge Insurance"},"image":{"@id":"https:\/\/adventuibcell.com\/#\/schema\/logo\/image\/"},"sameAs":["https:\/\/www.facebook.com\/StonebridgeInternationalInsurance","https:\/\/x.com\/StonebridgeInt","https:\/\/www.linkedin.com\/company\/stonebridge-international-insurance\/"]}]}},"_links":{"self":[{"href":"https:\/\/adventuibcell.com\/es\/wp-json\/wp\/v2\/pages\/1219","targetHints":{"allow":["GET"]}}],"collection":[{"href":"https:\/\/adventuibcell.com\/es\/wp-json\/wp\/v2\/pages"}],"about":[{"href":"https:\/\/adventuibcell.com\/es\/wp-json\/wp\/v2\/types\/page"}],"author":[{"embeddable":true,"href":"https:\/\/adventuibcell.com\/es\/wp-json\/wp\/v2\/users\/1"}],"replies":[{"embeddable":true,"href":"https:\/\/adventuibcell.com\/es\/wp-json\/wp\/v2\/comments?post=1219"}],"version-history":[{"count":10,"href":"https:\/\/adventuibcell.com\/es\/wp-json\/wp\/v2\/pages\/1219\/revisions"}],"predecessor-version":[{"id":4414,"href":"https:\/\/adventuibcell.com\/es\/wp-json\/wp\/v2\/pages\/1219\/revisions\/4414"}],"wp:attachment":[{"href":"https:\/\/adventuibcell.com\/es\/wp-json\/wp\/v2\/media?parent=1219"}],"curies":[{"name":"wp","href":"https:\/\/api.w.org\/{rel}","templated":true}]}}