{"id":1249,"date":"2021-05-17T11:27:16","date_gmt":"2021-05-17T11:27:16","guid":{"rendered":"https:\/\/adventuibcell.com\/?page_id=1249"},"modified":"2023-03-01T14:36:44","modified_gmt":"2023-03-01T14:36:44","slug":"terms-and-conditions","status":"publish","type":"page","link":"https:\/\/adventuibcell.com\/es\/terms-and-conditions\/","title":{"rendered":"Your Policy Information"},"content":{"rendered":"\t\t<div data-elementor-type=\"wp-page\" data-elementor-id=\"1249\" class=\"elementor elementor-1249\" data-elementor-post-type=\"page\">\n\t\t\t\t\t\t<section class=\"elementor-section elementor-top-section elementor-element elementor-element-70e9696 slope elementor-section-boxed elementor-section-height-default elementor-section-height-default\" data-id=\"70e9696\" data-element_type=\"section\" data-e-type=\"section\" id=\"slope\" data-settings=\"{&quot;background_background&quot;:&quot;classic&quot;}\">\n\t\t\t\t\t\t<div class=\"elementor-container elementor-column-gap-default\">\n\t\t\t\t\t<div class=\"elementor-column elementor-col-100 elementor-top-column elementor-element elementor-element-35be865\" data-id=\"35be865\" data-element_type=\"column\" data-e-type=\"column\">\n\t\t\t<div class=\"elementor-widget-wrap elementor-element-populated\">\n\t\t\t\t\t\t<div class=\"elementor-element elementor-element-9b447dd elementor-widget elementor-widget-heading\" data-id=\"9b447dd\" data-element_type=\"widget\" data-e-type=\"widget\" data-widget_type=\"heading.default\">\n\t\t\t\t<div class=\"elementor-widget-container\">\n\t\t\t\t\t<h2 class=\"elementor-heading-title elementor-size-default\">T\u00e9rminos y Condiciones\n<\/h2>\t\t\t\t<\/div>\n\t\t\t\t<\/div>\n\t\t\t\t\t<\/div>\n\t\t<\/div>\n\t\t\t\t\t<\/div>\n\t\t<\/section>\n\t\t\t\t<section class=\"elementor-section elementor-top-section elementor-element elementor-element-9a5c55a elementor-section-boxed elementor-section-height-default elementor-section-height-default\" data-id=\"9a5c55a\" data-element_type=\"section\" data-e-type=\"section\">\n\t\t\t\t\t\t<div class=\"elementor-container elementor-column-gap-default\">\n\t\t\t\t\t<div class=\"elementor-column elementor-col-100 elementor-top-column elementor-element elementor-element-fd083ac\" data-id=\"fd083ac\" data-element_type=\"column\" data-e-type=\"column\">\n\t\t\t<div class=\"elementor-widget-wrap elementor-element-populated\">\n\t\t\t\t\t\t<div class=\"elementor-element elementor-element-ddcce14 elementor-widget elementor-widget-text-editor\" data-id=\"ddcce14\" data-element_type=\"widget\" data-e-type=\"widget\" data-widget_type=\"text-editor.default\">\n\t\t\t\t<div class=\"elementor-widget-container\">\n\t\t\t\t\t\t\t\t\t<p>Advent Insurance PCC Ltd &#8211; UIB Cell \/ <a href=\"\/es\/customer-zone\">Zona Cliente<br \/><\/a> \/ <span style=\"color: #001e32;\">T\u00e9rminos y Condiciones<br \/><\/span><\/p>\t\t\t\t\t\t\t\t<\/div>\n\t\t\t\t<\/div>\n\t\t\t\t\t<\/div>\n\t\t<\/div>\n\t\t\t\t\t<\/div>\n\t\t<\/section>\n\t\t\t\t<section class=\"elementor-section elementor-top-section elementor-element elementor-element-3c48711 elementor-section-boxed elementor-section-height-default elementor-section-height-default\" data-id=\"3c48711\" data-element_type=\"section\" data-e-type=\"section\">\n\t\t\t\t\t\t<div class=\"elementor-container elementor-column-gap-default\">\n\t\t\t\t\t<div class=\"elementor-column elementor-col-50 elementor-top-column elementor-element elementor-element-93ca5e3\" data-id=\"93ca5e3\" data-element_type=\"column\" data-e-type=\"column\" data-settings=\"{&quot;background_background&quot;:&quot;classic&quot;}\">\n\t\t\t<div class=\"elementor-widget-wrap elementor-element-populated\">\n\t\t\t\t\t\t<div class=\"elementor-element elementor-element-82cd395 elementor-align-left elementor-widget elementor-widget-button\" data-id=\"82cd395\" data-element_type=\"widget\" data-e-type=\"widget\" data-widget_type=\"button.default\">\n\t\t\t\t<div class=\"elementor-widget-container\">\n\t\t\t\t\t\t\t\t\t<div class=\"elementor-button-wrapper\">\n\t\t\t\t\t<a class=\"elementor-button elementor-button-link elementor-size-sm\" href=\"\/es\/customer-zone\/\">\n\t\t\t\t\t\t<span class=\"elementor-button-content-wrapper\">\n\t\t\t\t\t\t<span class=\"elementor-button-icon\">\n\t\t\t\t<i aria-hidden=\"true\" class=\"fas fa-angle-left\"><\/i>\t\t\t<\/span>\n\t\t\t\t\t\t\t\t\t<span class=\"elementor-button-text\">Zona Cliente<\/span>\n\t\t\t\t\t<\/span>\n\t\t\t\t\t<\/a>\n\t\t\t\t<\/div>\n\t\t\t\t\t\t\t\t<\/div>\n\t\t\t\t<\/div>\n\t\t\t\t\t<\/div>\n\t\t<\/div>\n\t\t\t\t<div class=\"elementor-column elementor-col-50 elementor-top-column elementor-element elementor-element-10c2261\" data-id=\"10c2261\" data-element_type=\"column\" data-e-type=\"column\">\n\t\t\t<div class=\"elementor-widget-wrap elementor-element-populated\">\n\t\t\t\t\t\t<div class=\"elementor-element elementor-element-784c205 elementor-widget elementor-widget-text-editor\" data-id=\"784c205\" data-element_type=\"widget\" data-e-type=\"widget\" data-widget_type=\"text-editor.default\">\n\t\t\t\t<div class=\"elementor-widget-container\">\n\t\t\t\t\t\t\t\t\t<p><span style=\"text-decoration: underline;\"><strong>Tras la finalizaci\u00f3n de la transferencia de la Parte VII, estamos actualizando nuestro sitio web con los nuevos t\u00e9rminos y condiciones. Estos estar\u00e1n disponibles a finales de esta semana.<\/strong><\/span><\/p><p>Su p\u00f3liza tiene un conjunto de T\u00e9rminos y Condiciones que proporcionan informaci\u00f3n sobre su p\u00f3liza espec\u00edfica con Advent Insurance PCC Ltd &#8211; UIB Cell.<\/p>\t\t\t\t\t\t\t\t<\/div>\n\t\t\t\t<\/div>\n\t\t\t\t<div class=\"elementor-element elementor-element-34d6723 elementor-widget elementor-widget-text-editor\" data-id=\"34d6723\" data-element_type=\"widget\" data-e-type=\"widget\" data-widget_type=\"text-editor.default\">\n\t\t\t\t<div class=\"elementor-widget-container\">\n\t\t\t\t\t\t\t\t\tLos t\u00e9rminos y condiciones contienen definiciones y exclusiones que son aplicables a su p\u00f3liza. Usted deber\u00eda de haber recibido una copia de los T\u00e9rminos y Condiciones cuando se configur\u00f3 su p\u00f3liza. Si desea que le enviemos una copia, ll\u00e1menos o utilice el formulario de este sitio web.\t\t\t\t\t\t\t\t<\/div>\n\t\t\t\t<\/div>\n\t\t\t\t<div class=\"elementor-element elementor-element-6d71133 elementor-widget elementor-widget-text-editor\" data-id=\"6d71133\" data-element_type=\"widget\" data-e-type=\"widget\" data-widget_type=\"text-editor.default\">\n\t\t\t\t<div class=\"elementor-widget-container\">\n\t\t\t\t\t\t\t\t\tSi desea ver una copia en l\u00ednea, por favor busque utilizando la casilla a continuaci\u00f3n. (Sin utilizar la funcionalidad de b\u00fasqueda, puede encontrar m\u00faltiples versiones de los t\u00e9rminos y condiciones para cada producto)\u00a0<b>Introduzca el c\u00f3digo del producto que forma parte de su n\u00famero de p\u00f3liza, o sea, los 3 caracteres en el medio, lo encontrar\u00e1 en sus comunicaciones anuales, por ejemplo (SD1, SR3, SP1, SB1)<\/b>\n\t\t\t\t\t\t\t\t<\/div>\n\t\t\t\t<\/div>\n\t\t\t\t\t<\/div>\n\t\t<\/div>\n\t\t\t\t\t<\/div>\n\t\t<\/section>\n\t\t\t\t<section class=\"elementor-section elementor-top-section elementor-element elementor-element-42f23fc elementor-section-boxed elementor-section-height-default elementor-section-height-default\" data-id=\"42f23fc\" data-element_type=\"section\" data-e-type=\"section\">\n\t\t\t\t\t\t<div class=\"elementor-container elementor-column-gap-default\">\n\t\t\t\t\t<div class=\"elementor-column elementor-col-100 elementor-top-column elementor-element elementor-element-59adecf\" data-id=\"59adecf\" data-element_type=\"column\" data-e-type=\"column\">\n\t\t\t<div class=\"elementor-widget-wrap elementor-element-populated\">\n\t\t\t\t\t\t<div class=\"elementor-element elementor-element-006c385 elementor-widget elementor-widget-heading\" data-id=\"006c385\" data-element_type=\"widget\" data-e-type=\"widget\" data-widget_type=\"heading.default\">\n\t\t\t\t<div class=\"elementor-widget-container\">\n\t\t\t\t\t<h2 class=\"elementor-heading-title elementor-size-default\">Filtre esta lista\n\n<\/h2>\t\t\t\t<\/div>\n\t\t\t\t<\/div>\n\t\t\t\t<div class=\"elementor-element elementor-element-b0dd195 elementor-widget elementor-widget-shortcode\" data-id=\"b0dd195\" data-element_type=\"widget\" data-e-type=\"widget\" data-widget_type=\"shortcode.default\">\n\t\t\t\t<div class=\"elementor-widget-container\">\n\t\t\t\t\t\t<section class=\"termsconditionssection\">\n<div class=\"container\">\n        <div class=\"row\">\n        <form action=\"https:\/\/adventuibcell.com\/es\/terms-and-conditions\/\" method=\"post\">\n        <input name=\"example\" type=\"text\" name=\"search\" placeholder=\"Please Enter product code\" \/>\n         <input name=\"submit\" type=\"submit\" value=\"Submit\" \/>\n        <\/form>\n        <\/div>\n        \t<\/div>\n\t\t<\/section>\n\t\t<div class=\"elementor-shortcode\"><\/div>\n\t\t\t\t\t\t<\/div>\n\t\t\t\t<\/div>\n\t\t\t\t\t<\/div>\n\t\t<\/div>\n\t\t\t\t\t<\/div>\n\t\t<\/section>\n\t\t\t\t<\/div>\n\t\t","protected":false},"excerpt":{"rendered":"<p>T\u00e9rminos y Condiciones Advent Insurance PCC Ltd &#8211; UIB Cell \/ Zona Cliente \/ T\u00e9rminos y Condiciones Zona Cliente Tras la finalizaci\u00f3n de la transferencia de la Parte VII, estamos actualizando nuestro sitio web con los nuevos t\u00e9rminos y condiciones. Estos estar\u00e1n disponibles a finales de esta semana. Su p\u00f3liza tiene un conjunto de T\u00e9rminos [&hellip;]<\/p>\n","protected":false},"author":1,"featured_media":0,"parent":0,"menu_order":0,"comment_status":"closed","ping_status":"open","template":"","meta":{"_monsterinsights_skip_tracking":false,"_monsterinsights_sitenote_active":false,"_monsterinsights_sitenote_note":"","_monsterinsights_sitenote_category":0,"footnotes":""},"class_list":["post-1249","page","type-page","status-publish","hentry"],"yoast_head":"<!-- This site is optimized with the Yoast SEO plugin v27.4 - https:\/\/yoast.com\/product\/yoast-seo-wordpress\/ -->\n<title>Your Policy Information -<\/title>\n<meta name=\"robots\" content=\"index, follow, max-snippet:-1, max-image-preview:large, max-video-preview:-1\" \/>\n<link rel=\"canonical\" href=\"https:\/\/adventuibcell.com\/es\/terms-and-conditions\/\" \/>\n<meta property=\"og:locale\" content=\"es_ES\" \/>\n<meta property=\"og:type\" content=\"article\" \/>\n<meta property=\"og:title\" content=\"Your Policy Information -\" \/>\n<meta property=\"og:description\" content=\"T\u00e9rminos y Condiciones Advent Insurance PCC Ltd &#8211; UIB Cell \/ Zona Cliente \/ T\u00e9rminos y Condiciones Zona Cliente Tras la finalizaci\u00f3n de la transferencia de la Parte VII, estamos actualizando nuestro sitio web con los nuevos t\u00e9rminos y condiciones. Estos estar\u00e1n disponibles a finales de esta semana. Su p\u00f3liza tiene un conjunto de T\u00e9rminos [&hellip;]\" \/>\n<meta property=\"og:url\" content=\"https:\/\/adventuibcell.com\/es\/terms-and-conditions\/\" \/>\n<meta property=\"article:publisher\" content=\"https:\/\/www.facebook.com\/StonebridgeInternationalInsurance\" \/>\n<meta property=\"article:modified_time\" content=\"2023-03-01T14:36:44+00:00\" \/>\n<meta name=\"twitter:card\" content=\"summary_large_image\" \/>\n<meta name=\"twitter:site\" content=\"@StonebridgeInt\" \/>\n<meta name=\"twitter:label1\" content=\"Tiempo de lectura\" \/>\n\t<meta name=\"twitter:data1\" content=\"1 minuto\" \/>\n<script type=\"application\/ld+json\" class=\"yoast-schema-graph\">{\"@context\":\"https:\\\/\\\/schema.org\",\"@graph\":[{\"@type\":\"WebPage\",\"@id\":\"https:\\\/\\\/adventuibcell.com\\\/es\\\/terms-and-conditions\\\/\",\"url\":\"https:\\\/\\\/adventuibcell.com\\\/es\\\/terms-and-conditions\\\/\",\"name\":\"Your Policy Information -\",\"isPartOf\":{\"@id\":\"https:\\\/\\\/adventuibcell.com\\\/#website\"},\"datePublished\":\"2021-05-17T11:27:16+00:00\",\"dateModified\":\"2023-03-01T14:36:44+00:00\",\"breadcrumb\":{\"@id\":\"https:\\\/\\\/adventuibcell.com\\\/es\\\/terms-and-conditions\\\/#breadcrumb\"},\"inLanguage\":\"es\",\"potentialAction\":[{\"@type\":\"ReadAction\",\"target\":[\"https:\\\/\\\/adventuibcell.com\\\/es\\\/terms-and-conditions\\\/\"]}]},{\"@type\":\"BreadcrumbList\",\"@id\":\"https:\\\/\\\/adventuibcell.com\\\/es\\\/terms-and-conditions\\\/#breadcrumb\",\"itemListElement\":[{\"@type\":\"ListItem\",\"position\":1,\"name\":\"Home\",\"item\":\"https:\\\/\\\/adventuibcell.com\\\/\"},{\"@type\":\"ListItem\",\"position\":2,\"name\":\"Your Policy Information\"}]},{\"@type\":\"WebSite\",\"@id\":\"https:\\\/\\\/adventuibcell.com\\\/#website\",\"url\":\"https:\\\/\\\/adventuibcell.com\\\/\",\"name\":\"\",\"description\":\"\",\"publisher\":{\"@id\":\"https:\\\/\\\/adventuibcell.com\\\/#organization\"},\"potentialAction\":[{\"@type\":\"SearchAction\",\"target\":{\"@type\":\"EntryPoint\",\"urlTemplate\":\"https:\\\/\\\/adventuibcell.com\\\/?s={search_term_string}\"},\"query-input\":{\"@type\":\"PropertyValueSpecification\",\"valueRequired\":true,\"valueName\":\"search_term_string\"}}],\"inLanguage\":\"es\"},{\"@type\":\"Organization\",\"@id\":\"https:\\\/\\\/adventuibcell.com\\\/#organization\",\"name\":\"Stonebridge Insurance\",\"url\":\"https:\\\/\\\/adventuibcell.com\\\/\",\"logo\":{\"@type\":\"ImageObject\",\"inLanguage\":\"es\",\"@id\":\"https:\\\/\\\/adventuibcell.com\\\/#\\\/schema\\\/logo\\\/image\\\/\",\"url\":\"https:\\\/\\\/adventuibcell.com\\\/wp-content\\\/uploads\\\/2022\\\/07\\\/1651768901766.jpg\",\"contentUrl\":\"https:\\\/\\\/adventuibcell.com\\\/wp-content\\\/uploads\\\/2022\\\/07\\\/1651768901766.jpg\",\"width\":200,\"height\":200,\"caption\":\"Stonebridge Insurance\"},\"image\":{\"@id\":\"https:\\\/\\\/adventuibcell.com\\\/#\\\/schema\\\/logo\\\/image\\\/\"},\"sameAs\":[\"https:\\\/\\\/www.facebook.com\\\/StonebridgeInternationalInsurance\",\"https:\\\/\\\/x.com\\\/StonebridgeInt\",\"https:\\\/\\\/www.linkedin.com\\\/company\\\/stonebridge-international-insurance\\\/\"]}]}<\/script>\n<!-- \/ Yoast SEO plugin. -->","yoast_head_json":{"title":"Your Policy Information -","robots":{"index":"index","follow":"follow","max-snippet":"max-snippet:-1","max-image-preview":"max-image-preview:large","max-video-preview":"max-video-preview:-1"},"canonical":"https:\/\/adventuibcell.com\/es\/terms-and-conditions\/","og_locale":"es_ES","og_type":"article","og_title":"Your Policy Information -","og_description":"T\u00e9rminos y Condiciones Advent Insurance PCC Ltd &#8211; UIB Cell \/ Zona Cliente \/ T\u00e9rminos y Condiciones Zona Cliente Tras la finalizaci\u00f3n de la transferencia de la Parte VII, estamos actualizando nuestro sitio web con los nuevos t\u00e9rminos y condiciones. Estos estar\u00e1n disponibles a finales de esta semana. Su p\u00f3liza tiene un conjunto de T\u00e9rminos [&hellip;]","og_url":"https:\/\/adventuibcell.com\/es\/terms-and-conditions\/","article_publisher":"https:\/\/www.facebook.com\/StonebridgeInternationalInsurance","article_modified_time":"2023-03-01T14:36:44+00:00","twitter_card":"summary_large_image","twitter_site":"@StonebridgeInt","twitter_misc":{"Tiempo de lectura":"1 minuto"},"schema":{"@context":"https:\/\/schema.org","@graph":[{"@type":"WebPage","@id":"https:\/\/adventuibcell.com\/es\/terms-and-conditions\/","url":"https:\/\/adventuibcell.com\/es\/terms-and-conditions\/","name":"Your Policy Information -","isPartOf":{"@id":"https:\/\/adventuibcell.com\/#website"},"datePublished":"2021-05-17T11:27:16+00:00","dateModified":"2023-03-01T14:36:44+00:00","breadcrumb":{"@id":"https:\/\/adventuibcell.com\/es\/terms-and-conditions\/#breadcrumb"},"inLanguage":"es","potentialAction":[{"@type":"ReadAction","target":["https:\/\/adventuibcell.com\/es\/terms-and-conditions\/"]}]},{"@type":"BreadcrumbList","@id":"https:\/\/adventuibcell.com\/es\/terms-and-conditions\/#breadcrumb","itemListElement":[{"@type":"ListItem","position":1,"name":"Home","item":"https:\/\/adventuibcell.com\/"},{"@type":"ListItem","position":2,"name":"Your Policy Information"}]},{"@type":"WebSite","@id":"https:\/\/adventuibcell.com\/#website","url":"https:\/\/adventuibcell.com\/","name":"","description":"","publisher":{"@id":"https:\/\/adventuibcell.com\/#organization"},"potentialAction":[{"@type":"SearchAction","target":{"@type":"EntryPoint","urlTemplate":"https:\/\/adventuibcell.com\/?s={search_term_string}"},"query-input":{"@type":"PropertyValueSpecification","valueRequired":true,"valueName":"search_term_string"}}],"inLanguage":"es"},{"@type":"Organization","@id":"https:\/\/adventuibcell.com\/#organization","name":"Stonebridge Insurance","url":"https:\/\/adventuibcell.com\/","logo":{"@type":"ImageObject","inLanguage":"es","@id":"https:\/\/adventuibcell.com\/#\/schema\/logo\/image\/","url":"https:\/\/adventuibcell.com\/wp-content\/uploads\/2022\/07\/1651768901766.jpg","contentUrl":"https:\/\/adventuibcell.com\/wp-content\/uploads\/2022\/07\/1651768901766.jpg","width":200,"height":200,"caption":"Stonebridge Insurance"},"image":{"@id":"https:\/\/adventuibcell.com\/#\/schema\/logo\/image\/"},"sameAs":["https:\/\/www.facebook.com\/StonebridgeInternationalInsurance","https:\/\/x.com\/StonebridgeInt","https:\/\/www.linkedin.com\/company\/stonebridge-international-insurance\/"]}]}},"_links":{"self":[{"href":"https:\/\/adventuibcell.com\/es\/wp-json\/wp\/v2\/pages\/1249","targetHints":{"allow":["GET"]}}],"collection":[{"href":"https:\/\/adventuibcell.com\/es\/wp-json\/wp\/v2\/pages"}],"about":[{"href":"https:\/\/adventuibcell.com\/es\/wp-json\/wp\/v2\/types\/page"}],"author":[{"embeddable":true,"href":"https:\/\/adventuibcell.com\/es\/wp-json\/wp\/v2\/users\/1"}],"replies":[{"embeddable":true,"href":"https:\/\/adventuibcell.com\/es\/wp-json\/wp\/v2\/comments?post=1249"}],"version-history":[{"count":10,"href":"https:\/\/adventuibcell.com\/es\/wp-json\/wp\/v2\/pages\/1249\/revisions"}],"predecessor-version":[{"id":4616,"href":"https:\/\/adventuibcell.com\/es\/wp-json\/wp\/v2\/pages\/1249\/revisions\/4616"}],"wp:attachment":[{"href":"https:\/\/adventuibcell.com\/es\/wp-json\/wp\/v2\/media?parent=1249"}],"curies":[{"name":"wp","href":"https:\/\/api.w.org\/{rel}","templated":true}]}}