{"id":1254,"date":"2021-05-08T07:23:57","date_gmt":"2021-05-08T07:23:57","guid":{"rendered":"https:\/\/adventuibcell.com\/?page_id=1254"},"modified":"2022-10-13T10:38:45","modified_gmt":"2022-10-13T10:38:45","slug":"claim-forms","status":"publish","type":"page","link":"https:\/\/adventuibcell.com\/es\/claim-forms\/","title":{"rendered":"Claim Forms"},"content":{"rendered":"\t\t<div data-elementor-type=\"wp-page\" data-elementor-id=\"1254\" class=\"elementor elementor-1254\" data-elementor-post-type=\"page\">\n\t\t\t\t\t\t<section class=\"elementor-section elementor-top-section elementor-element elementor-element-70e9696 slope elementor-section-boxed elementor-section-height-default elementor-section-height-default\" data-id=\"70e9696\" data-element_type=\"section\" data-e-type=\"section\" id=\"slope\" data-settings=\"{&quot;background_background&quot;:&quot;classic&quot;}\">\n\t\t\t\t\t\t<div class=\"elementor-container elementor-column-gap-default\">\n\t\t\t\t\t<div class=\"elementor-column elementor-col-100 elementor-top-column elementor-element elementor-element-35be865\" data-id=\"35be865\" data-element_type=\"column\" data-e-type=\"column\">\n\t\t\t<div class=\"elementor-widget-wrap elementor-element-populated\">\n\t\t\t\t\t\t<div class=\"elementor-element elementor-element-9b447dd elementor-widget elementor-widget-heading\" data-id=\"9b447dd\" data-element_type=\"widget\" data-e-type=\"widget\" data-widget_type=\"heading.default\">\n\t\t\t\t<div class=\"elementor-widget-container\">\n\t\t\t\t\t<h2 class=\"elementor-heading-title elementor-size-default\">Formulario de reclamaci\u00f3n\n<\/h2>\t\t\t\t<\/div>\n\t\t\t\t<\/div>\n\t\t\t\t\t<\/div>\n\t\t<\/div>\n\t\t\t\t\t<\/div>\n\t\t<\/section>\n\t\t\t\t<section class=\"elementor-section elementor-top-section elementor-element elementor-element-9a5c55a elementor-section-boxed elementor-section-height-default elementor-section-height-default\" data-id=\"9a5c55a\" data-element_type=\"section\" data-e-type=\"section\">\n\t\t\t\t\t\t<div class=\"elementor-container elementor-column-gap-default\">\n\t\t\t\t\t<div class=\"elementor-column elementor-col-100 elementor-top-column elementor-element elementor-element-fd083ac\" data-id=\"fd083ac\" data-element_type=\"column\" data-e-type=\"column\">\n\t\t\t<div class=\"elementor-widget-wrap elementor-element-populated\">\n\t\t\t\t\t\t<div class=\"elementor-element elementor-element-ddcce14 elementor-widget elementor-widget-text-editor\" data-id=\"ddcce14\" data-element_type=\"widget\" data-e-type=\"widget\" data-widget_type=\"text-editor.default\">\n\t\t\t\t<div class=\"elementor-widget-container\">\n\t\t\t\t\t\t\t\t\t<p><a href=\"https:\/\/www.stonebridge-insurance.com\/es\/\">Advent Insurance PCC Ltd &#8211; UIB Cell<\/a> \/ <a href=\"\/es\/customer-zone\">Zona Cliente<br \/><\/a> \/ <span style=\"color: #001e32;\">Formulario de reclamaci\u00f3n<\/span><\/p>\t\t\t\t\t\t\t\t<\/div>\n\t\t\t\t<\/div>\n\t\t\t\t\t<\/div>\n\t\t<\/div>\n\t\t\t\t\t<\/div>\n\t\t<\/section>\n\t\t\t\t<section class=\"elementor-section elementor-top-section elementor-element elementor-element-3c48711 elementor-section-boxed elementor-section-height-default elementor-section-height-default\" data-id=\"3c48711\" data-element_type=\"section\" data-e-type=\"section\">\n\t\t\t\t\t\t<div class=\"elementor-container elementor-column-gap-default\">\n\t\t\t\t\t<div class=\"elementor-column elementor-col-50 elementor-top-column elementor-element elementor-element-93ca5e3\" data-id=\"93ca5e3\" data-element_type=\"column\" data-e-type=\"column\" data-settings=\"{&quot;background_background&quot;:&quot;classic&quot;}\">\n\t\t\t<div class=\"elementor-widget-wrap elementor-element-populated\">\n\t\t\t\t\t\t<div class=\"elementor-element elementor-element-82cd395 elementor-align-left elementor-widget elementor-widget-button\" data-id=\"82cd395\" data-element_type=\"widget\" data-e-type=\"widget\" data-widget_type=\"button.default\">\n\t\t\t\t<div class=\"elementor-widget-container\">\n\t\t\t\t\t\t\t\t\t<div class=\"elementor-button-wrapper\">\n\t\t\t\t\t<a class=\"elementor-button elementor-button-link elementor-size-sm\" href=\"\/es\/customer-zone\/\">\n\t\t\t\t\t\t<span class=\"elementor-button-content-wrapper\">\n\t\t\t\t\t\t<span class=\"elementor-button-icon\">\n\t\t\t\t<i aria-hidden=\"true\" class=\"fas fa-angle-left\"><\/i>\t\t\t<\/span>\n\t\t\t\t\t\t\t\t\t<span class=\"elementor-button-text\">Zona Cliente<\/span>\n\t\t\t\t\t<\/span>\n\t\t\t\t\t<\/a>\n\t\t\t\t<\/div>\n\t\t\t\t\t\t\t\t<\/div>\n\t\t\t\t<\/div>\n\t\t\t\t\t<\/div>\n\t\t<\/div>\n\t\t\t\t<div class=\"elementor-column elementor-col-50 elementor-top-column elementor-element elementor-element-10c2261\" data-id=\"10c2261\" data-element_type=\"column\" data-e-type=\"column\">\n\t\t\t<div class=\"elementor-widget-wrap elementor-element-populated\">\n\t\t\t\t\t\t<div class=\"elementor-element elementor-element-784c205 elementor-widget elementor-widget-text-editor\" data-id=\"784c205\" data-element_type=\"widget\" data-e-type=\"widget\" data-widget_type=\"text-editor.default\">\n\t\t\t\t<div class=\"elementor-widget-container\">\n\t\t\t\t\t\t\t\t\tSi desea descargar una copia del Formulario de Siniestro, por favor use la barra de b\u00fasqueda a continuaci\u00f3n.<b>\u00a0Introduzca el c\u00f3digo de producto de su n\u00famero de p\u00f3liza, estos son los 3 caracteres en el medio, lo encontrar\u00e1 en sus comunicaciones anuales, por ejemplo: \u00abSD1\u00bb, \u00abSR1\u00bb, \u00abSP1\u00bb, \u00abSB1\u00bb.<\/b>\t\t\t\t\t\t\t\t<\/div>\n\t\t\t\t<\/div>\n\t\t\t\t<div class=\"elementor-element elementor-element-34d6723 elementor-widget elementor-widget-text-editor\" data-id=\"34d6723\" data-element_type=\"widget\" data-e-type=\"widget\" data-widget_type=\"text-editor.default\">\n\t\t\t\t<div class=\"elementor-widget-container\">\n\t\t\t\t\t\t\t\t\t<p>Alternativamente, puede descargar una copia del Formulario de Siniestro aqu\u00ed y devolverlo, con todos los documentos requeridos a clientes@adventuibcell.com<\/p>\t\t\t\t\t\t\t\t<\/div>\n\t\t\t\t<\/div>\n\t\t\t\t<div class=\"elementor-element elementor-element-6d71133 elementor-widget elementor-widget-text-editor\" data-id=\"6d71133\" data-element_type=\"widget\" data-e-type=\"widget\" data-widget_type=\"text-editor.default\">\n\t\t\t\t<div class=\"elementor-widget-container\">\n\t\t\t\t\t\t\t\t\tEl Formulario de Siniestro debe ser enteramente completado, firmado y devuelto. Encontrar\u00e1 nuestra direcci\u00f3n y n\u00famero de contacto <a href=\"\/es\/contact-us\/\">aqu\u00ed<\/a>. Ll\u00e1menos si necesita ayuda o tiene alguna pregunta. El formulario tambi\u00e9n tiene nuestro n\u00famero de tel\u00e9fono que puede usar si necesita ayuda para completarlo.\t\t\t\t\t\t\t\t<\/div>\n\t\t\t\t<\/div>\n\t\t\t\t<div class=\"elementor-element elementor-element-08f0316 elementor-widget elementor-widget-text-editor\" data-id=\"08f0316\" data-element_type=\"widget\" data-e-type=\"widget\" data-widget_type=\"text-editor.default\">\n\t\t\t\t<div class=\"elementor-widget-container\">\n\t\t\t\t\t\t\t\t\tPara respaldar su siniestro, tambi\u00e9n necesitaremos documentos que puedan verificar su accidente \/ estancia en el hospital, como documentos m\u00e9dicos o informes de accidentes.\t\t\t\t\t\t\t\t<\/div>\n\t\t\t\t<\/div>\n\t\t\t\t<div class=\"elementor-element elementor-element-b809e1f elementor-widget elementor-widget-text-editor\" data-id=\"b809e1f\" data-element_type=\"widget\" data-e-type=\"widget\" data-widget_type=\"text-editor.default\">\n\t\t\t\t<div class=\"elementor-widget-container\">\n\t\t\t\t\t\t\t\t\tSi tenemos que solicitar m\u00e1s informaci\u00f3n para poder valorar tu siniestro, siempre se lo haremos saber. Una vez que hayamos recibido toda la informaci\u00f3n requerida para evaluar su siniestro, le escribiremos y le comunicaremos nuestra decisi\u00f3n en 7 d\u00edas h\u00e1biles.\t\t\t\t\t\t\t\t<\/div>\n\t\t\t\t<\/div>\n\t\t\t\t\t<\/div>\n\t\t<\/div>\n\t\t\t\t\t<\/div>\n\t\t<\/section>\n\t\t\t\t<section class=\"elementor-section elementor-top-section elementor-element elementor-element-42f23fc elementor-section-boxed elementor-section-height-default elementor-section-height-default\" data-id=\"42f23fc\" data-element_type=\"section\" data-e-type=\"section\">\n\t\t\t\t\t\t<div class=\"elementor-container elementor-column-gap-default\">\n\t\t\t\t\t<div class=\"elementor-column elementor-col-100 elementor-top-column elementor-element elementor-element-59adecf\" data-id=\"59adecf\" data-element_type=\"column\" data-e-type=\"column\">\n\t\t\t<div class=\"elementor-widget-wrap elementor-element-populated\">\n\t\t\t\t\t\t<div class=\"elementor-element elementor-element-006c385 elementor-widget elementor-widget-heading\" data-id=\"006c385\" data-element_type=\"widget\" data-e-type=\"widget\" data-widget_type=\"heading.default\">\n\t\t\t\t<div class=\"elementor-widget-container\">\n\t\t\t\t\t<h2 class=\"elementor-heading-title elementor-size-default\">Filtre esta lista<\/h2>\t\t\t\t<\/div>\n\t\t\t\t<\/div>\n\t\t\t\t<div class=\"elementor-element elementor-element-b0dd195 elementor-widget elementor-widget-shortcode\" data-id=\"b0dd195\" data-element_type=\"widget\" data-e-type=\"widget\" data-widget_type=\"shortcode.default\">\n\t\t\t\t<div class=\"elementor-widget-container\">\n\t\t\t\t\t\t<section class=\"claimssearchsection\">\n<div class=\"container\">\n        <div class=\"row\">\n        <form action=\"https:\/\/adventuibcell.com\/es\/claim-forms\/\" method=\"post\">\n        <input name=\"example\" type=\"text\" name=\"search\" placeholder=\"Please Enter product code\" \/>\n         <input name=\"submit\" type=\"submit\" value=\"Submit\" \/>\n        <\/form>\n        <\/div>\n        \t\t        <p>4 results match your search<\/p> \n                \t\t        \n                 <div class=\"p11\">\n                    <h2><a href=\"https:\/\/adventuibcell.com\/es\/claimformsspanish\/plan-de-hospitalizacion-por-accidente\/\">Plan de Hospitalizaci\u00f3n por Accidente<\/a><\/h2>\n                    <p>junio 23, 2021 <\/p>\n                    <p><p>Este Plan de Hospitalizaci\u00f3n por Accidente proporciona las Prestaciones siguientes: Una Prestaci\u00f3n por cada D\u00eda de Hospitalizaci\u00f3n en Espa\u00f1a como resultado directo de un Accidente en Espa\u00f1a o en Territorio Extranjero ; Una Prestaci\u00f3n por cada D\u00eda de Hospitalizaci\u00f3n en Territorio Extranjero como resultado directo de un Accidente en Territorio Extranjero ; Una Prestaci\u00f3n \u00fanica en caso de que un Adulto Asegurado o un Hijo Asegurado sufra una Muerte Accidental (SR3, S3R, SR6, SR7, SR8, SR1, SR4, SR5)<\/p>\n<div class=\"p21\"><a class=\"claims\" role=\"button\" href=\"https:\/\/adventuibcell.com\/wp-content\/uploads\/2022\/10\/ES-Hospitalisation-Claim-Form.pdf\"><span class=\"elementor-button-content-wrapper\"><i class=\"far fa-file-pdf\" aria-hidden=\"true\"><\/i><span class=\"elementor-button-text\"><span style=\"color: #0069b4;\">Descargar Formulario de siniestro de Hospitalizaci\u00f3n<\/span><br \/>\n| PDF | 60 KB | November 01, 2022<\/span><\/span><\/a><\/div>\n<\/p>\n                 <\/div>\n                \t\t        \n                 <div class=\"p11\">\n                    <h2><a href=\"https:\/\/adventuibcell.com\/es\/claimformsspanish\/plan-de-proteccion-de-pagos\/\">Plan de Protecci\u00f3n de Pagos<\/a><\/h2>\n                    <p>junio 23, 2021 <\/p>\n                    <p><p>El presente Plan de De Protecci\u00f3n De Pagos ofrece los siguientes tipos de prestaciones distintas: un pago \u00fanico en efectivo en caso de que un Adulto Asegurado sufra una Muerte Accidental ; un pago \u00fanico en efectivo en caso de Hospitalizaci\u00f3n dentro del territorio espa\u00f1ol de un Adulto Asegurado como consecuencia directa de un Accidente ; un pago mensual en efectivo en caso de que un Adulto Asegurado no pueda Trabajar debido a una Incapacidad producida tras un Accidente, y ; un pago mensual en efectivo en caso de que un Adulto Asegurado entre en situaci\u00f3n de Desempleo y no tenga un Empleo Estable E Indefinido (SB1)<\/p>\n<div class=\"p21\"><a class=\"claims\" role=\"button\" href=\"https:\/\/adventuibcell.com\/wp-content\/uploads\/2022\/10\/Unemployment-Claim-Form-ES.pdf\"><span class=\"elementor-button-content-wrapper\"><i class=\"far fa-file-pdf\" aria-hidden=\"true\"><\/i><span class=\"elementor-button-text\"><span style=\"color: #0069b4;\">Descargar Formulario de reclamaci\u00f3n por desempleo<\/span><br \/>\n| PDF | 70 KB | November 01, 2022<\/span><\/span><\/a><\/div>\n<\/p>\n                 <\/div>\n                \t\t        \n                 <div class=\"p11\">\n                    <h2><a href=\"https:\/\/adventuibcell.com\/es\/claimformsspanish\/plan-de-proteccion-integral\/\">Plan de Protecci\u00f3n Integral<\/a><\/h2>\n                    <p>junio 23, 2021 <\/p>\n                    <p><p>Esta P\u00f3liza del Plan de Protecci\u00f3n Integral proporciona las siguientes Prestaciones: un pago \u00fanico en efectivo en caso de que un Adulto Asegurado sufra una Muerte Accidental, cuya cuant\u00eda depender\u00e1 del tipo de Accidente ; un pago \u00fanico en efectivo en caso de que un Adulto Asegurado sufra una Invalidez Absoluta y Permanente, cuya cuant\u00eda depender\u00e1 del tipo de Accidente ; un pago \u00fanico en efectivo en caso de que un Hijo Asegurado sufra una Muerte Accidental o una Invalidez Absoluta y Permanente ; Prestaciones por la suspensi\u00f3n del permiso de conducir del Tomador de la P\u00f3liza debido a la p\u00e9rdida de todos los puntos ; Prestaciones para la asistencia a los cursos optativos de formaci\u00f3n de seguridad vial y reeducaci\u00f3n para recuperar los puntos perdidos del balance inicial del permiso de conducir del Tomador de la P\u00f3liza ; Prestaciones para la asistencia legal del Tomador de la P\u00f3liza respecto a consultas de tr\u00e1fico y servicios de asesor\u00eda (SP1, S1P)<\/p>\n<div class=\"p21\"><a class=\"claims\" role=\"button\" href=\"https:\/\/adventuibcell.com\/wp-content\/uploads\/2022\/10\/ES-Loss-of-Use-and-Permanent-Total-Disability.pdf\"><span class=\"elementor-button-content-wrapper\"><i class=\"far fa-file-pdf\" aria-hidden=\"true\"><\/i><span class=\"elementor-button-text\"><span style=\"color: #0069b4;\">Descargar P\u00e9rdida de uso o invalidez total permanente<\/span><br \/>\n| PDF | 87 KB | November 01, 2022<\/span><\/span><\/a><br \/>\n<a class=\"claims\" role=\"button\" href=\"https:\/\/adventuibcell.com\/wp-content\/uploads\/2022\/10\/Death-Claim-Form-ES.pdf\"><span class=\"elementor-button-content-wrapper\"><i class=\"far fa-file-pdf\" aria-hidden=\"true\"><\/i><span class=\"elementor-button-text\"><span style=\"color: #0069b4;\">Descargar Formulario de reclamo por muerte accidental<\/span><br \/>\n| PDF | 53 KB | November 01, 2022<\/span><\/span><\/a><\/div>\n<div><\/div>\n<div><\/div>\n<\/p>\n                 <\/div>\n                \t\t        \n                 <div class=\"p11\">\n                    <h2><a href=\"https:\/\/adventuibcell.com\/es\/claimformsspanish\/plan-por-muerte-accidental\/\">Plan por Muerte Accidental<\/a><\/h2>\n                    <p>junio 23, 2021 <\/p>\n                    <p><p>Esta P\u00f3liza por Muerte Accidental ofrece dos tipos distintos de Prestaciones: un \u00fanico pago en efectivo en caso de que un Adulto Asegurado sufra una Muerte Accidental, cuya cuant\u00eda depender\u00e1 del tipo de Accidente; y ; un pago \u00fanico en efectivo en caso de que un Hijo Asegurado sufra una Muerte Accidental (SD1, SD4, SD5)<\/p>\n<div class=\"p21\"><a class=\"claims\" role=\"button\" href=\"https:\/\/adventuibcell.com\/wp-content\/uploads\/2022\/10\/Death-Claim-Form-ES.pdf\"><span class=\"elementor-button-content-wrapper\"><i class=\"far fa-file-pdf\" aria-hidden=\"true\"><\/i><span class=\"elementor-button-text\"><span style=\"color: #0069b4;\">Descargar Formulario de reclamaci\u00f3n por fallecimiento<\/span><br \/>\n| PDF | 53 KB | November 01, 2022<\/span><\/span><\/a><\/div>\n<\/p>\n                 <\/div>\n                \t<\/div>\n\t\t<\/section>\n\t\t<div class=\"elementor-shortcode\"><\/div>\n\t\t\t\t\t\t<\/div>\n\t\t\t\t<\/div>\n\t\t\t\t\t<\/div>\n\t\t<\/div>\n\t\t\t\t\t<\/div>\n\t\t<\/section>\n\t\t\t\t<\/div>\n\t\t","protected":false},"excerpt":{"rendered":"<p>Formulario de reclamaci\u00f3n Advent Insurance PCC Ltd &#8211; UIB Cell \/ Zona Cliente \/ Formulario de reclamaci\u00f3n Zona Cliente Si desea descargar una copia del Formulario de Siniestro, por favor use la barra de b\u00fasqueda a continuaci\u00f3n.\u00a0Introduzca el c\u00f3digo de producto de su n\u00famero de p\u00f3liza, estos son los 3 caracteres en el medio, lo [&hellip;]<\/p>\n","protected":false},"author":1,"featured_media":0,"parent":0,"menu_order":0,"comment_status":"closed","ping_status":"open","template":"","meta":{"_monsterinsights_skip_tracking":false,"_monsterinsights_sitenote_active":false,"_monsterinsights_sitenote_note":"","_monsterinsights_sitenote_category":0,"footnotes":""},"class_list":["post-1254","page","type-page","status-publish","hentry"],"yoast_head":"<!-- This site is optimized with the Yoast SEO plugin v27.4 - https:\/\/yoast.com\/product\/yoast-seo-wordpress\/ -->\n<title>Claim Forms -<\/title>\n<meta name=\"robots\" content=\"index, follow, max-snippet:-1, max-image-preview:large, max-video-preview:-1\" \/>\n<link rel=\"canonical\" href=\"https:\/\/adventuibcell.com\/es\/claim-forms\/\" \/>\n<meta property=\"og:locale\" content=\"es_ES\" \/>\n<meta property=\"og:type\" content=\"article\" \/>\n<meta property=\"og:title\" content=\"Claim Forms -\" \/>\n<meta property=\"og:description\" content=\"Formulario de reclamaci\u00f3n Advent Insurance PCC Ltd &#8211; UIB Cell \/ Zona Cliente \/ Formulario de reclamaci\u00f3n Zona Cliente Si desea descargar una copia del Formulario de Siniestro, por favor use la barra de b\u00fasqueda a continuaci\u00f3n.\u00a0Introduzca el c\u00f3digo de producto de su n\u00famero de p\u00f3liza, estos son los 3 caracteres en el medio, lo [&hellip;]\" \/>\n<meta property=\"og:url\" content=\"https:\/\/adventuibcell.com\/es\/claim-forms\/\" \/>\n<meta property=\"article:publisher\" content=\"https:\/\/www.facebook.com\/StonebridgeInternationalInsurance\" \/>\n<meta property=\"article:modified_time\" content=\"2022-10-13T10:38:45+00:00\" \/>\n<meta name=\"twitter:card\" content=\"summary_large_image\" \/>\n<meta name=\"twitter:site\" content=\"@StonebridgeInt\" \/>\n<meta name=\"twitter:label1\" content=\"Tiempo de lectura\" \/>\n\t<meta name=\"twitter:data1\" content=\"1 minuto\" \/>\n<script type=\"application\/ld+json\" class=\"yoast-schema-graph\">{\"@context\":\"https:\\\/\\\/schema.org\",\"@graph\":[{\"@type\":\"WebPage\",\"@id\":\"https:\\\/\\\/adventuibcell.com\\\/es\\\/claim-forms\\\/\",\"url\":\"https:\\\/\\\/adventuibcell.com\\\/es\\\/claim-forms\\\/\",\"name\":\"Claim Forms -\",\"isPartOf\":{\"@id\":\"https:\\\/\\\/adventuibcell.com\\\/#website\"},\"datePublished\":\"2021-05-08T07:23:57+00:00\",\"dateModified\":\"2022-10-13T10:38:45+00:00\",\"breadcrumb\":{\"@id\":\"https:\\\/\\\/adventuibcell.com\\\/es\\\/claim-forms\\\/#breadcrumb\"},\"inLanguage\":\"es\",\"potentialAction\":[{\"@type\":\"ReadAction\",\"target\":[\"https:\\\/\\\/adventuibcell.com\\\/es\\\/claim-forms\\\/\"]}]},{\"@type\":\"BreadcrumbList\",\"@id\":\"https:\\\/\\\/adventuibcell.com\\\/es\\\/claim-forms\\\/#breadcrumb\",\"itemListElement\":[{\"@type\":\"ListItem\",\"position\":1,\"name\":\"Home\",\"item\":\"https:\\\/\\\/adventuibcell.com\\\/\"},{\"@type\":\"ListItem\",\"position\":2,\"name\":\"Claim Forms\"}]},{\"@type\":\"WebSite\",\"@id\":\"https:\\\/\\\/adventuibcell.com\\\/#website\",\"url\":\"https:\\\/\\\/adventuibcell.com\\\/\",\"name\":\"\",\"description\":\"\",\"publisher\":{\"@id\":\"https:\\\/\\\/adventuibcell.com\\\/#organization\"},\"potentialAction\":[{\"@type\":\"SearchAction\",\"target\":{\"@type\":\"EntryPoint\",\"urlTemplate\":\"https:\\\/\\\/adventuibcell.com\\\/?s={search_term_string}\"},\"query-input\":{\"@type\":\"PropertyValueSpecification\",\"valueRequired\":true,\"valueName\":\"search_term_string\"}}],\"inLanguage\":\"es\"},{\"@type\":\"Organization\",\"@id\":\"https:\\\/\\\/adventuibcell.com\\\/#organization\",\"name\":\"Stonebridge Insurance\",\"url\":\"https:\\\/\\\/adventuibcell.com\\\/\",\"logo\":{\"@type\":\"ImageObject\",\"inLanguage\":\"es\",\"@id\":\"https:\\\/\\\/adventuibcell.com\\\/#\\\/schema\\\/logo\\\/image\\\/\",\"url\":\"https:\\\/\\\/adventuibcell.com\\\/wp-content\\\/uploads\\\/2022\\\/07\\\/1651768901766.jpg\",\"contentUrl\":\"https:\\\/\\\/adventuibcell.com\\\/wp-content\\\/uploads\\\/2022\\\/07\\\/1651768901766.jpg\",\"width\":200,\"height\":200,\"caption\":\"Stonebridge Insurance\"},\"image\":{\"@id\":\"https:\\\/\\\/adventuibcell.com\\\/#\\\/schema\\\/logo\\\/image\\\/\"},\"sameAs\":[\"https:\\\/\\\/www.facebook.com\\\/StonebridgeInternationalInsurance\",\"https:\\\/\\\/x.com\\\/StonebridgeInt\",\"https:\\\/\\\/www.linkedin.com\\\/company\\\/stonebridge-international-insurance\\\/\"]}]}<\/script>\n<!-- \/ Yoast SEO plugin. -->","yoast_head_json":{"title":"Claim Forms -","robots":{"index":"index","follow":"follow","max-snippet":"max-snippet:-1","max-image-preview":"max-image-preview:large","max-video-preview":"max-video-preview:-1"},"canonical":"https:\/\/adventuibcell.com\/es\/claim-forms\/","og_locale":"es_ES","og_type":"article","og_title":"Claim Forms -","og_description":"Formulario de reclamaci\u00f3n Advent Insurance PCC Ltd &#8211; UIB Cell \/ Zona Cliente \/ Formulario de reclamaci\u00f3n Zona Cliente Si desea descargar una copia del Formulario de Siniestro, por favor use la barra de b\u00fasqueda a continuaci\u00f3n.\u00a0Introduzca el c\u00f3digo de producto de su n\u00famero de p\u00f3liza, estos son los 3 caracteres en el medio, lo [&hellip;]","og_url":"https:\/\/adventuibcell.com\/es\/claim-forms\/","article_publisher":"https:\/\/www.facebook.com\/StonebridgeInternationalInsurance","article_modified_time":"2022-10-13T10:38:45+00:00","twitter_card":"summary_large_image","twitter_site":"@StonebridgeInt","twitter_misc":{"Tiempo de lectura":"1 minuto"},"schema":{"@context":"https:\/\/schema.org","@graph":[{"@type":"WebPage","@id":"https:\/\/adventuibcell.com\/es\/claim-forms\/","url":"https:\/\/adventuibcell.com\/es\/claim-forms\/","name":"Claim Forms -","isPartOf":{"@id":"https:\/\/adventuibcell.com\/#website"},"datePublished":"2021-05-08T07:23:57+00:00","dateModified":"2022-10-13T10:38:45+00:00","breadcrumb":{"@id":"https:\/\/adventuibcell.com\/es\/claim-forms\/#breadcrumb"},"inLanguage":"es","potentialAction":[{"@type":"ReadAction","target":["https:\/\/adventuibcell.com\/es\/claim-forms\/"]}]},{"@type":"BreadcrumbList","@id":"https:\/\/adventuibcell.com\/es\/claim-forms\/#breadcrumb","itemListElement":[{"@type":"ListItem","position":1,"name":"Home","item":"https:\/\/adventuibcell.com\/"},{"@type":"ListItem","position":2,"name":"Claim Forms"}]},{"@type":"WebSite","@id":"https:\/\/adventuibcell.com\/#website","url":"https:\/\/adventuibcell.com\/","name":"","description":"","publisher":{"@id":"https:\/\/adventuibcell.com\/#organization"},"potentialAction":[{"@type":"SearchAction","target":{"@type":"EntryPoint","urlTemplate":"https:\/\/adventuibcell.com\/?s={search_term_string}"},"query-input":{"@type":"PropertyValueSpecification","valueRequired":true,"valueName":"search_term_string"}}],"inLanguage":"es"},{"@type":"Organization","@id":"https:\/\/adventuibcell.com\/#organization","name":"Stonebridge Insurance","url":"https:\/\/adventuibcell.com\/","logo":{"@type":"ImageObject","inLanguage":"es","@id":"https:\/\/adventuibcell.com\/#\/schema\/logo\/image\/","url":"https:\/\/adventuibcell.com\/wp-content\/uploads\/2022\/07\/1651768901766.jpg","contentUrl":"https:\/\/adventuibcell.com\/wp-content\/uploads\/2022\/07\/1651768901766.jpg","width":200,"height":200,"caption":"Stonebridge Insurance"},"image":{"@id":"https:\/\/adventuibcell.com\/#\/schema\/logo\/image\/"},"sameAs":["https:\/\/www.facebook.com\/StonebridgeInternationalInsurance","https:\/\/x.com\/StonebridgeInt","https:\/\/www.linkedin.com\/company\/stonebridge-international-insurance\/"]}]}},"_links":{"self":[{"href":"https:\/\/adventuibcell.com\/es\/wp-json\/wp\/v2\/pages\/1254","targetHints":{"allow":["GET"]}}],"collection":[{"href":"https:\/\/adventuibcell.com\/es\/wp-json\/wp\/v2\/pages"}],"about":[{"href":"https:\/\/adventuibcell.com\/es\/wp-json\/wp\/v2\/types\/page"}],"author":[{"embeddable":true,"href":"https:\/\/adventuibcell.com\/es\/wp-json\/wp\/v2\/users\/1"}],"replies":[{"embeddable":true,"href":"https:\/\/adventuibcell.com\/es\/wp-json\/wp\/v2\/comments?post=1254"}],"version-history":[{"count":22,"href":"https:\/\/adventuibcell.com\/es\/wp-json\/wp\/v2\/pages\/1254\/revisions"}],"predecessor-version":[{"id":4301,"href":"https:\/\/adventuibcell.com\/es\/wp-json\/wp\/v2\/pages\/1254\/revisions\/4301"}],"wp:attachment":[{"href":"https:\/\/adventuibcell.com\/es\/wp-json\/wp\/v2\/media?parent=1254"}],"curies":[{"name":"wp","href":"https:\/\/api.w.org\/{rel}","templated":true}]}}